{"id":4992,"date":"2023-04-26T17:11:39","date_gmt":"2023-04-26T17:11:39","guid":{"rendered":"https:\/\/frogoodies.com\/?post_type=product&#038;p=4992"},"modified":"2026-03-03T13:21:26","modified_gmt":"2026-03-03T13:21:26","slug":"roast-beef-kabobs","status":"publish","type":"product","link":"https:\/\/frogoodies.com\/fr\/produit\/roast-beef-kabobs\/","title":{"rendered":"B\u00e2tonnets de b\u0153uf Suya"},"content":{"rendered":"","protected":false},"excerpt":{"rendered":"<p><img loading=\"lazy\" decoding=\"async\" class=\"alignnone size-thumbnail wp-image-28730\" src=\"https:\/\/frogoodies.com\/wp-content\/uploads\/2024\/06\/5-2-150x150.png\" alt=\"\" width=\"150\" height=\"150\" srcset=\"https:\/\/frogoodies.com\/wp-content\/uploads\/2024\/06\/5-2-150x150.png 150w, https:\/\/frogoodies.com\/wp-content\/uploads\/2024\/06\/5-2-430x430.png 430w, https:\/\/frogoodies.com\/wp-content\/uploads\/2024\/06\/5-2-300x300.png 300w, https:\/\/frogoodies.com\/wp-content\/uploads\/2024\/06\/5-2.png 500w\" sizes=\"auto, (max-width: 150px) 100vw, 150px\" \/><\/p>\n<p><span class=\"OYPEnA text-decoration-none text-strikethrough-none\"><strong>INGREDIENTS<\/strong>:<\/span> <span class=\"OYPEnA text-decoration-none text-strikethrough-none\">Viande de b\u0153uf, huile v\u00e9g\u00e9tale, noix de muscade africaine, \u00e9pices Suya, ail, gingembre, oignon, sauce d'assaisonnement, sel, poivre.<\/span><\/p>\n<p>6 St.<\/p>","protected":false},"featured_media":28402,"template":"","meta":{"_acf_changed":false},"product_brand":[],"product_cat":[137,138,187,139,151,154,161,164,135],"product_tag":[182,183,181],"class_list":{"0":"post-4992","1":"product","2":"type-product","3":"status-publish","4":"has-post-thumbnail","6":"product_cat-cameroon","7":"product_cat-cameroon-central-africa","8":"product_cat-grill","9":"product_cat-soups-sauces","10":"product_cat-nigeria","11":"product_cat-grills","12":"product_cat-street-food","13":"product_cat-west-africa","14":"product_cat-beef","15":"product_tag-jollof-rice","16":"product_tag-fried-rice-riz-saute-facon-camerounaise","17":"product_tag-jollof-rice-riz-saute","18":"product_shipping_class-standard","20":"first","21":"outofstock","22":"taxable","23":"shipping-taxable","24":"purchasable","25":"product-type-simple"},"acf":[],"jetpack_sharing_enabled":true,"_links":{"self":[{"href":"https:\/\/frogoodies.com\/fr\/wp-json\/wp\/v2\/product\/4992","targetHints":{"allow":["GET"]}}],"collection":[{"href":"https:\/\/frogoodies.com\/fr\/wp-json\/wp\/v2\/product"}],"about":[{"href":"https:\/\/frogoodies.com\/fr\/wp-json\/wp\/v2\/types\/product"}],"version-history":[{"count":5,"href":"https:\/\/frogoodies.com\/fr\/wp-json\/wp\/v2\/product\/4992\/revisions"}],"predecessor-version":[{"id":30140,"href":"https:\/\/frogoodies.com\/fr\/wp-json\/wp\/v2\/product\/4992\/revisions\/30140"}],"wp:featuredmedia":[{"embeddable":true,"href":"https:\/\/frogoodies.com\/fr\/wp-json\/wp\/v2\/media\/28402"}],"wp:attachment":[{"href":"https:\/\/frogoodies.com\/fr\/wp-json\/wp\/v2\/media?parent=4992"}],"wp:term":[{"taxonomy":"product_brand","embeddable":true,"href":"https:\/\/frogoodies.com\/fr\/wp-json\/wp\/v2\/product_brand?post=4992"},{"taxonomy":"product_cat","embeddable":true,"href":"https:\/\/frogoodies.com\/fr\/wp-json\/wp\/v2\/product_cat?post=4992"},{"taxonomy":"product_tag","embeddable":true,"href":"https:\/\/frogoodies.com\/fr\/wp-json\/wp\/v2\/product_tag?post=4992"}],"curies":[{"name":"wp","href":"https:\/\/api.w.org\/{rel}","templated":true}]}}