{"id":2950,"date":"2021-12-12T15:35:24","date_gmt":"2021-12-12T15:35:24","guid":{"rendered":"https:\/\/frogoodies.com\/?post_type=product&#038;p=2950"},"modified":"2025-12-14T16:56:30","modified_gmt":"2025-12-14T16:56:30","slug":"fish-rolls-pilli-pilli-fischrollen","status":"publish","type":"product","link":"https:\/\/frogoodies.com\/fr\/produit\/fish-rolls-pilli-pilli-fischrollen\/","title":{"rendered":"Rouleaux de poisson"},"content":{"rendered":"","protected":false},"excerpt":{"rendered":"<p><img loading=\"lazy\" decoding=\"async\" class=\"alignnone wp-image-2952\" src=\"https:\/\/frogoodies.com\/wp-content\/uploads\/2021\/12\/Logo-Mommys-Yummies-300x300.jpg\" alt=\"\" width=\"157\" height=\"157\" \/><strong>Ingr\u00e9dients : <\/strong>Maquereau, oignon, sel, poivre, farine de bl\u00e9, beurre, levure, sucre, huile v\u00e9g\u00e9tale.<\/p>\n<p>&nbsp;<\/p>\n<p>195g<\/p>","protected":false},"featured_media":29314,"template":"","meta":{"_acf_changed":false},"product_brand":[],"product_cat":[136,137,138,139,151,161,163],"product_tag":[],"class_list":{"0":"post-2950","1":"product","2":"type-product","3":"status-publish","4":"has-post-thumbnail","6":"product_cat-nigerian-food","7":"product_cat-cameroon","8":"product_cat-cameroon-central-africa","9":"product_cat-soups-sauces","10":"product_cat-nigeria","11":"product_cat-street-food","12":"product_cat-snacks","13":"product_shipping_class-standard","15":"first","16":"outofstock","17":"taxable","18":"shipping-taxable","19":"purchasable","20":"product-type-simple"},"acf":[],"jetpack_sharing_enabled":true,"_links":{"self":[{"href":"https:\/\/frogoodies.com\/fr\/wp-json\/wp\/v2\/product\/2950","targetHints":{"allow":["GET"]}}],"collection":[{"href":"https:\/\/frogoodies.com\/fr\/wp-json\/wp\/v2\/product"}],"about":[{"href":"https:\/\/frogoodies.com\/fr\/wp-json\/wp\/v2\/types\/product"}],"version-history":[{"count":3,"href":"https:\/\/frogoodies.com\/fr\/wp-json\/wp\/v2\/product\/2950\/revisions"}],"predecessor-version":[{"id":29377,"href":"https:\/\/frogoodies.com\/fr\/wp-json\/wp\/v2\/product\/2950\/revisions\/29377"}],"wp:featuredmedia":[{"embeddable":true,"href":"https:\/\/frogoodies.com\/fr\/wp-json\/wp\/v2\/media\/29314"}],"wp:attachment":[{"href":"https:\/\/frogoodies.com\/fr\/wp-json\/wp\/v2\/media?parent=2950"}],"wp:term":[{"taxonomy":"product_brand","embeddable":true,"href":"https:\/\/frogoodies.com\/fr\/wp-json\/wp\/v2\/product_brand?post=2950"},{"taxonomy":"product_cat","embeddable":true,"href":"https:\/\/frogoodies.com\/fr\/wp-json\/wp\/v2\/product_cat?post=2950"},{"taxonomy":"product_tag","embeddable":true,"href":"https:\/\/frogoodies.com\/fr\/wp-json\/wp\/v2\/product_tag?post=2950"}],"curies":[{"name":"wp","href":"https:\/\/api.w.org\/{rel}","templated":true}]}}