{"id":2267,"date":"2021-09-26T18:29:18","date_gmt":"2021-09-26T18:29:18","guid":{"rendered":"https:\/\/frogoodies.com\/?post_type=product&#038;p=2267"},"modified":"2026-03-14T10:50:11","modified_gmt":"2026-03-14T10:50:11","slug":"tomato-stew-chicken-sauce-tomate-poulet","status":"publish","type":"product","link":"https:\/\/frogoodies.com\/fr\/produit\/tomato-stew-chicken-sauce-tomate-poulet\/","title":{"rendered":"Rago\u00fbt de poulet aux tomates"},"content":{"rendered":"","protected":false},"excerpt":{"rendered":"<p><strong>Ingr\u00e9dients :<\/strong> Tomates, Oignon, Poireaux, Huile v\u00e9g\u00e9tale, Ail, Gingembre, C\u00e9leri, Pep\u00e9, Sel, Poivre, Poivre blanc, Maggi Djencent, Poulet frit<\/p>\n<p>&nbsp;<\/p>\n<p>400g<\/p>","protected":false},"featured_media":29312,"template":"","meta":{"_acf_changed":false},"product_brand":[],"product_cat":[137,138,139,148,149,151,155,164],"product_tag":[],"class_list":{"0":"post-2267","1":"product","2":"type-product","3":"status-publish","4":"has-post-thumbnail","6":"product_cat-cameroon","7":"product_cat-cameroon-central-africa","8":"product_cat-soups-sauces","9":"product_cat-tiefkuhl","10":"product_cat-catering","11":"product_cat-nigeria","12":"product_cat-poultry","13":"product_cat-west-africa","14":"product_shipping_class-standard","16":"first","17":"outofstock","18":"taxable","19":"shipping-taxable","20":"purchasable","21":"product-type-simple"},"acf":[],"jetpack_sharing_enabled":true,"_links":{"self":[{"href":"https:\/\/frogoodies.com\/fr\/wp-json\/wp\/v2\/product\/2267","targetHints":{"allow":["GET"]}}],"collection":[{"href":"https:\/\/frogoodies.com\/fr\/wp-json\/wp\/v2\/product"}],"about":[{"href":"https:\/\/frogoodies.com\/fr\/wp-json\/wp\/v2\/types\/product"}],"version-history":[{"count":5,"href":"https:\/\/frogoodies.com\/fr\/wp-json\/wp\/v2\/product\/2267\/revisions"}],"predecessor-version":[{"id":29385,"href":"https:\/\/frogoodies.com\/fr\/wp-json\/wp\/v2\/product\/2267\/revisions\/29385"}],"wp:featuredmedia":[{"embeddable":true,"href":"https:\/\/frogoodies.com\/fr\/wp-json\/wp\/v2\/media\/29312"}],"wp:attachment":[{"href":"https:\/\/frogoodies.com\/fr\/wp-json\/wp\/v2\/media?parent=2267"}],"wp:term":[{"taxonomy":"product_brand","embeddable":true,"href":"https:\/\/frogoodies.com\/fr\/wp-json\/wp\/v2\/product_brand?post=2267"},{"taxonomy":"product_cat","embeddable":true,"href":"https:\/\/frogoodies.com\/fr\/wp-json\/wp\/v2\/product_cat?post=2267"},{"taxonomy":"product_tag","embeddable":true,"href":"https:\/\/frogoodies.com\/fr\/wp-json\/wp\/v2\/product_tag?post=2267"}],"curies":[{"name":"wp","href":"https:\/\/api.w.org\/{rel}","templated":true}]}}