{"id":2257,"date":"2021-09-26T18:01:37","date_gmt":"2021-09-26T18:01:37","guid":{"rendered":"https:\/\/frogoodies.com\/?post_type=product&#038;p=2257"},"modified":"2026-04-23T18:47:37","modified_gmt":"2026-04-23T18:47:37","slug":"egusi-melon-stew-chicken-sauce-pistache-poulet","status":"publish","type":"product","link":"https:\/\/frogoodies.com\/fr\/produit\/egusi-melon-stew-chicken-sauce-pistache-poulet\/","title":{"rendered":"Egusi-Soupe de b\u0153uf, volaille fum\u00e9e"},"content":{"rendered":"<h1><strong>\u00a0<\/strong><\/h1>\n<p>&nbsp;<\/p>\n<p>&nbsp;<\/p>","protected":false},"excerpt":{"rendered":"<p><img loading=\"lazy\" decoding=\"async\" class=\"alignnone size-thumbnail wp-image-28748\" src=\"https:\/\/frogoodies.com\/wp-content\/uploads\/2024\/06\/6-2-150x150.png\" alt=\"\" width=\"150\" height=\"150\" srcset=\"https:\/\/frogoodies.com\/wp-content\/uploads\/2024\/06\/6-2-150x150.png 150w, https:\/\/frogoodies.com\/wp-content\/uploads\/2024\/06\/6-2-430x430.png 430w, https:\/\/frogoodies.com\/wp-content\/uploads\/2024\/06\/6-2-300x300.png 300w, https:\/\/frogoodies.com\/wp-content\/uploads\/2024\/06\/6-2.png 500w\" sizes=\"auto, (max-width: 150px) 100vw, 150px\" \/><\/p>\n<p><span class=\"OYPEnA text-decoration-none text-strikethrough-none\"><strong>Ingr\u00e9dients<\/strong>: <\/span><span class=\"OYPEnA text-decoration-none text-strikethrough-none\">Pistaches, huile, tomates, \u00e9pinards, \u00e9crevisses \u00e0 feuilles am\u00e8res, oignon, sel, poivre, assaisonnement, b\u0153uf, volaille fum\u00e9e, poisson, tripes.<\/span><\/p>\n<p>450g<\/p>","protected":false},"featured_media":29307,"template":"","meta":{"_acf_changed":false},"product_brand":[],"product_cat":[135,137,138,151,139],"product_tag":[],"class_list":{"0":"post-2257","1":"product","2":"type-product","3":"status-publish","4":"has-post-thumbnail","6":"product_cat-beef","7":"product_cat-cameroon","8":"product_cat-cameroon-central-africa","9":"product_cat-nigeria","10":"product_cat-soups-sauces","11":"product_shipping_class-standard","13":"first","14":"instock","15":"taxable","16":"shipping-taxable","17":"purchasable","18":"product-type-simple"},"acf":[],"jetpack_sharing_enabled":true,"_links":{"self":[{"href":"https:\/\/frogoodies.com\/fr\/wp-json\/wp\/v2\/product\/2257","targetHints":{"allow":["GET"]}}],"collection":[{"href":"https:\/\/frogoodies.com\/fr\/wp-json\/wp\/v2\/product"}],"about":[{"href":"https:\/\/frogoodies.com\/fr\/wp-json\/wp\/v2\/types\/product"}],"version-history":[{"count":6,"href":"https:\/\/frogoodies.com\/fr\/wp-json\/wp\/v2\/product\/2257\/revisions"}],"predecessor-version":[{"id":29345,"href":"https:\/\/frogoodies.com\/fr\/wp-json\/wp\/v2\/product\/2257\/revisions\/29345"}],"wp:featuredmedia":[{"embeddable":true,"href":"https:\/\/frogoodies.com\/fr\/wp-json\/wp\/v2\/media\/29307"}],"wp:attachment":[{"href":"https:\/\/frogoodies.com\/fr\/wp-json\/wp\/v2\/media?parent=2257"}],"wp:term":[{"taxonomy":"product_brand","embeddable":true,"href":"https:\/\/frogoodies.com\/fr\/wp-json\/wp\/v2\/product_brand?post=2257"},{"taxonomy":"product_cat","embeddable":true,"href":"https:\/\/frogoodies.com\/fr\/wp-json\/wp\/v2\/product_cat?post=2257"},{"taxonomy":"product_tag","embeddable":true,"href":"https:\/\/frogoodies.com\/fr\/wp-json\/wp\/v2\/product_tag?post=2257"}],"curies":[{"name":"wp","href":"https:\/\/api.w.org\/{rel}","templated":true}]}}