{"id":176,"date":"2019-05-15T16:54:16","date_gmt":"2019-05-15T16:54:16","guid":{"rendered":"https:\/\/frogoodies.com\/?post_type=product&#038;p=176"},"modified":"2026-04-23T18:47:55","modified_gmt":"2026-04-23T18:47:55","slug":"fufu-eru-2-2-2","status":"publish","type":"product","link":"https:\/\/frogoodies.com\/fr\/produit\/fufu-eru-2-2-2\/","title":{"rendered":"Eru\/Afang s'en va"},"content":{"rendered":"<h3><\/h3>\n<p>&nbsp;<\/p>","protected":false},"excerpt":{"rendered":"<h1><img loading=\"lazy\" decoding=\"async\" class=\"alignnone size-thumbnail wp-image-28752\" src=\"https:\/\/frogoodies.com\/wp-content\/uploads\/2024\/06\/10-150x150.png\" alt=\"\" width=\"150\" height=\"150\" srcset=\"https:\/\/frogoodies.com\/wp-content\/uploads\/2024\/06\/10-150x150.png 150w, https:\/\/frogoodies.com\/wp-content\/uploads\/2024\/06\/10-430x430.png 430w, https:\/\/frogoodies.com\/wp-content\/uploads\/2024\/06\/10-300x300.png 300w, https:\/\/frogoodies.com\/wp-content\/uploads\/2024\/06\/10.png 500w\" sizes=\"auto, (max-width: 150px) 100vw, 150px\" \/><\/h1>\n<p><span class=\"OYPEnA text-decoration-underline text-strikethrough-none\"><strong>Ingr\u00e9dients<\/strong>: <\/span><span class=\"OYPEnA text-strikethrough-none text-decoration-none\">Feuilles d'\u00e9ru, \u00e9pinards, b\u0153uf, kanda, tripes, <\/span><span class=\"OYPEnA text-strikethrough-none text-decoration-none\">\u00e9crevisse<\/span><span class=\"OYPEnA text-strikethrough-none text-decoration-none\">morue, poisson fum\u00e9, huile, Maggi, sel, poivre<\/span><\/p>\n<p>450g<\/p>","protected":false},"featured_media":29266,"template":"","meta":{"_acf_changed":false},"product_brand":[],"product_cat":[135,136,137,138,139],"product_tag":[140,141,142,143],"class_list":{"0":"post-176","1":"product","2":"type-product","3":"status-publish","4":"has-post-thumbnail","6":"product_cat-beef","7":"product_cat-nigerian-food","8":"product_cat-cameroon","9":"product_cat-cameroon-central-africa","10":"product_cat-soups-sauces","11":"product_tag-spinach-okazi-leaves-add-waterfufu-or-garri-if-desired","12":"product_tag-afang-leaves","13":"product_tag-eru","14":"product_tag-garri","16":"first","17":"instock","18":"taxable","19":"shipping-taxable","20":"purchasable","21":"product-type-simple"},"acf":[],"jetpack_sharing_enabled":true,"_links":{"self":[{"href":"https:\/\/frogoodies.com\/fr\/wp-json\/wp\/v2\/product\/176","targetHints":{"allow":["GET"]}}],"collection":[{"href":"https:\/\/frogoodies.com\/fr\/wp-json\/wp\/v2\/product"}],"about":[{"href":"https:\/\/frogoodies.com\/fr\/wp-json\/wp\/v2\/types\/product"}],"version-history":[{"count":4,"href":"https:\/\/frogoodies.com\/fr\/wp-json\/wp\/v2\/product\/176\/revisions"}],"predecessor-version":[{"id":28758,"href":"https:\/\/frogoodies.com\/fr\/wp-json\/wp\/v2\/product\/176\/revisions\/28758"}],"wp:featuredmedia":[{"embeddable":true,"href":"https:\/\/frogoodies.com\/fr\/wp-json\/wp\/v2\/media\/29266"}],"wp:attachment":[{"href":"https:\/\/frogoodies.com\/fr\/wp-json\/wp\/v2\/media?parent=176"}],"wp:term":[{"taxonomy":"product_brand","embeddable":true,"href":"https:\/\/frogoodies.com\/fr\/wp-json\/wp\/v2\/product_brand?post=176"},{"taxonomy":"product_cat","embeddable":true,"href":"https:\/\/frogoodies.com\/fr\/wp-json\/wp\/v2\/product_cat?post=176"},{"taxonomy":"product_tag","embeddable":true,"href":"https:\/\/frogoodies.com\/fr\/wp-json\/wp\/v2\/product_tag?post=176"}],"curies":[{"name":"wp","href":"https:\/\/api.w.org\/{rel}","templated":true}]}}