{"id":1604,"date":"2021-08-13T12:42:00","date_gmt":"2021-08-13T12:42:00","guid":{"rendered":"https:\/\/frogoodies.com\/?post_type=product&#038;p=1604"},"modified":"2026-04-01T15:04:06","modified_gmt":"2026-04-01T15:04:06","slug":"jollof-rice-riz-saute","status":"publish","type":"product","link":"https:\/\/frogoodies.com\/fr\/produit\/jollof-rice-riz-saute\/","title":{"rendered":"Riz frit"},"content":{"rendered":"","protected":false},"excerpt":{"rendered":"<p><img loading=\"lazy\" decoding=\"async\" class=\"alignnone size-thumbnail wp-image-28752\" src=\"https:\/\/frogoodies.com\/wp-content\/uploads\/2024\/06\/10-150x150.png\" alt=\"\" width=\"150\" height=\"150\" srcset=\"https:\/\/frogoodies.com\/wp-content\/uploads\/2024\/06\/10-150x150.png 150w, https:\/\/frogoodies.com\/wp-content\/uploads\/2024\/06\/10-430x430.png 430w, https:\/\/frogoodies.com\/wp-content\/uploads\/2024\/06\/10-300x300.png 300w, https:\/\/frogoodies.com\/wp-content\/uploads\/2024\/06\/10.png 500w\" sizes=\"auto, (max-width: 150px) 100vw, 150px\" \/><\/p>\n<p><span class=\"OYPEnA text-decoration-none text-strikethrough-none\"><strong>INGREDIENTS<\/strong>: Riz, oignons, huile, carottes, haricots verts, poivre,<\/span>\u00a0<span class=\"OYPEnA text-decoration-none text-strikethrough-none\">ail, gingembre, sel, bouillon de l\u00e9gumes, beurre, poivre, curry, m\u00e9lange d'\u00e9pices afro<\/span><\/p>\n<p>+\/- 650 g<\/p>","protected":false},"featured_media":29318,"template":"","meta":{"_acf_changed":false},"product_brand":[],"product_cat":[161,164,168,137,170,138,175,139,148,149,151],"product_tag":[181,182,183],"class_list":{"0":"post-1604","1":"product","2":"type-product","3":"status-publish","4":"has-post-thumbnail","6":"product_cat-street-food","7":"product_cat-west-africa","8":"product_cat-vegan","9":"product_cat-cameroon","10":"product_cat-vegetarian","11":"product_cat-cameroon-central-africa","12":"product_cat-sides","13":"product_cat-soups-sauces","14":"product_cat-tiefkuhl","15":"product_cat-catering","16":"product_cat-nigeria","17":"product_tag-jollof-rice-riz-saute","18":"product_tag-jollof-rice","19":"product_tag-fried-rice-riz-saute-facon-camerounaise","20":"product_shipping_class-standard","22":"first","23":"outofstock","24":"taxable","25":"shipping-taxable","26":"purchasable","27":"product-type-simple"},"acf":[],"jetpack_sharing_enabled":true,"_links":{"self":[{"href":"https:\/\/frogoodies.com\/fr\/wp-json\/wp\/v2\/product\/1604","targetHints":{"allow":["GET"]}}],"collection":[{"href":"https:\/\/frogoodies.com\/fr\/wp-json\/wp\/v2\/product"}],"about":[{"href":"https:\/\/frogoodies.com\/fr\/wp-json\/wp\/v2\/types\/product"}],"version-history":[{"count":4,"href":"https:\/\/frogoodies.com\/fr\/wp-json\/wp\/v2\/product\/1604\/revisions"}],"predecessor-version":[{"id":29342,"href":"https:\/\/frogoodies.com\/fr\/wp-json\/wp\/v2\/product\/1604\/revisions\/29342"}],"wp:featuredmedia":[{"embeddable":true,"href":"https:\/\/frogoodies.com\/fr\/wp-json\/wp\/v2\/media\/29318"}],"wp:attachment":[{"href":"https:\/\/frogoodies.com\/fr\/wp-json\/wp\/v2\/media?parent=1604"}],"wp:term":[{"taxonomy":"product_brand","embeddable":true,"href":"https:\/\/frogoodies.com\/fr\/wp-json\/wp\/v2\/product_brand?post=1604"},{"taxonomy":"product_cat","embeddable":true,"href":"https:\/\/frogoodies.com\/fr\/wp-json\/wp\/v2\/product_cat?post=1604"},{"taxonomy":"product_tag","embeddable":true,"href":"https:\/\/frogoodies.com\/fr\/wp-json\/wp\/v2\/product_tag?post=1604"}],"curies":[{"name":"wp","href":"https:\/\/api.w.org\/{rel}","templated":true}]}}