{"id":3,"date":"2024-05-17T16:37:11","date_gmt":"2024-05-17T16:37:11","guid":{"rendered":"https:\/\/frogoodies.com\/?page_id=3"},"modified":"2026-04-17T14:12:27","modified_gmt":"2026-04-17T14:12:27","slug":"privacy-policy","status":"publish","type":"page","link":"https:\/\/frogoodies.com\/fr\/privacy-policy\/","title":{"rendered":"Politique de confidentialit\u00e9"},"content":{"rendered":"<h4 class=\"wp-block-heading\">1. <strong>Introduction<\/strong><\/h4>\n\n\n\n<p>Bienvenue chez FroGoodies ! La protection de vos donn\u00e9es personnelles est tr\u00e8s importante pour nous. Cette politique de confidentialit\u00e9 explique quelles sont les donn\u00e9es personnelles que nous collectons, comment nous les utilisons et quels sont les droits dont vous disposez concernant vos donn\u00e9es. Cette politique s'applique \u00e0 tous les services offerts par FroGoodies.<\/p>\n\n\n\n<h4 class=\"wp-block-heading\">2. <strong>Contr\u00f4leur des donn\u00e9es<\/strong><\/h4>\n\n\n\n<p>Le responsable du traitement des donn\u00e9es au sens des lois sur la protection des donn\u00e9es, en particulier le R\u00e8glement g\u00e9n\u00e9ral sur la protection des donn\u00e9es (RGPD) de l'UE, est :<\/p>\n\n\n\n<p><strong>FroGoodies GmbH<\/strong><br>Mainzer Stra\u00dfe 21<br>64572 B\u00fcttelborn<br>Allemagne<br>Courriel : info@frogoodies.de<br>T\u00e9l\u00e9phone : +49 (0) 15754056480<\/p>\n\n\n\n<h4 class=\"wp-block-heading\">3. <strong>Collecte et stockage des donn\u00e9es personnelles<\/strong><\/h4>\n\n\n\n<p>Nous ne collectons et ne traitons les donn\u00e9es \u00e0 caract\u00e8re personnel que dans la mesure o\u00f9 cela est l\u00e9galement autoris\u00e9 ou avec votre consentement. Les donn\u00e9es \u00e0 caract\u00e8re personnel comprennent<\/p>\n\n\n\n<ul class=\"wp-block-list\">\n<li><strong>Informations sur les contacts<\/strong> (par exemple, nom, adresse, adresse \u00e9lectronique, num\u00e9ro de t\u00e9l\u00e9phone)<\/li>\n\n\n\n<li><strong>Informations sur le paiement<\/strong> (par exemple, coordonn\u00e9es bancaires, informations sur les cartes de cr\u00e9dit)<\/li>\n\n\n\n<li><strong>Donn\u00e9es d'utilisation<\/strong> (par exemple, les pages visit\u00e9es sur notre site web, l'int\u00e9r\u00eat pour nos produits)<\/li>\n\n\n\n<li><strong>Donn\u00e9es contractuelles<\/strong> (par exemple, contrats d'achat, d\u00e9tails sur les produits)<\/li>\n<\/ul>\n\n\n\n<h4 class=\"wp-block-heading\">4. <strong>Finalit\u00e9s du traitement des donn\u00e9es<\/strong><\/h4>\n\n\n\n<p>Vos donn\u00e9es sont trait\u00e9es aux fins suivantes :<\/p>\n\n\n\n<ul class=\"wp-block-list\">\n<li>Pour remplir nos obligations contractuelles<\/li>\n\n\n\n<li>Pour traiter vos demandes de renseignements<\/li>\n\n\n\n<li>Optimiser notre site web et nos offres<\/li>\n\n\n\n<li>pour mener des activit\u00e9s de marketing, \u00e0 condition que vous ayez donn\u00e9 votre consentement<\/li>\n\n\n\n<li>Remplir des obligations l\u00e9gales<\/li>\n<\/ul>\n\n\n\n<h4 class=\"wp-block-heading\">5. <strong>Bases juridiques du traitement des donn\u00e9es<\/strong><\/h4>\n\n\n\n<p>Le traitement de vos donn\u00e9es personnelles est fond\u00e9 sur les motifs juridiques suivants :<\/p>\n\n\n\n<ul class=\"wp-block-list\">\n<li>Article 6, paragraphe 1, point b), du RGPD pour l'ex\u00e9cution d'un contrat ou de mesures pr\u00e9contractuelles<\/li>\n\n\n\n<li>Article 6, paragraphe 1, point a), du RGPD, fond\u00e9 sur votre consentement<\/li>\n\n\n\n<li>Article 6, paragraphe 1, point c), du RGPD pour remplir une obligation l\u00e9gale<\/li>\n\n\n\n<li>Article 6, paragraphe 1, point f), du RGPD, fond\u00e9 sur nos int\u00e9r\u00eats l\u00e9gitimes<\/li>\n<\/ul>\n\n\n\n<h4 class=\"wp-block-heading\">6. <strong>Utilisation de Google Analytics et du Meta (Facebook) Pixel<\/strong><\/h4>\n\n\n\n<p><strong>Google Analytics :<\/strong><br>Nous utilisons Google Analytics, un service d'analyse de site internet fourni par Google LLC. Google Analytics utilise des cookies pour nous aider \u00e0 analyser l'utilisation que vous faites de notre site web. Les informations g\u00e9n\u00e9r\u00e9es par les cookies concernant votre utilisation du site Internet sont g\u00e9n\u00e9ralement transmises et stock\u00e9es par Google sur des serveurs situ\u00e9s aux \u00c9tats-Unis. Toutefois, en raison de l'anonymisation de l'IP, votre adresse IP sera raccourcie par Google au sein des \u00c9tats membres de l'Union europ\u00e9enne ou d'autres parties \u00e0 l'accord sur l'Espace \u00e9conomique europ\u00e9en avant d'\u00eatre transmise. Ce n'est que dans des cas exceptionnels que l'adresse IP compl\u00e8te sera transmise \u00e0 un serveur de Google aux \u00c9tats-Unis et y sera raccourcie.<\/p>\n\n\n\n<p>Les donn\u00e9es collect\u00e9es sont utilis\u00e9es pour \u00e9valuer votre utilisation du site web, compiler des rapports sur l'activit\u00e9 du site web et fournir d'autres services li\u00e9s \u00e0 l'utilisation du site web et d'Internet. Vous pouvez emp\u00eacher l'enregistrement des cookies en s\u00e9lectionnant les param\u00e8tres appropri\u00e9s de votre logiciel de navigation ou vous pouvez d\u00e9sactiver la collecte des donn\u00e9es de Google Analytics en installant le module compl\u00e9mentaire de navigateur pour la d\u00e9sactivation de Google Analytics.<\/p>\n\n\n\n<p><strong>M\u00e9ta (Facebook) Pixel :<\/strong><br>Notre site web utilise le pixel Meta (Facebook), un service fourni par Meta Platforms Ireland Ltd. (anciennement Facebook, Inc.). Le pixel Meta nous permet de montrer des publicit\u00e9s personnalis\u00e9es aux visiteurs de notre site web sur Facebook et au sein du r\u00e9seau publicitaire Meta. Cela permet de s'assurer que les publicit\u00e9s qui vous sont pr\u00e9sent\u00e9es correspondent \u00e0 vos centres d'int\u00e9r\u00eat. Les donn\u00e9es collect\u00e9es sont anonymis\u00e9es et ne nous permettent pas d'identifier les utilisateurs individuels. Cependant, Meta peut stocker et traiter les donn\u00e9es, permettant ainsi une connexion \u00e0 votre profil d'utilisateur, et Meta peut utiliser les donn\u00e9es \u00e0 ses propres fins publicitaires conform\u00e9ment \u00e0 la politique de donn\u00e9es de Meta.<\/p>\n\n\n\n<p>Vous pouvez \u00e0 tout moment refuser la collecte de donn\u00e9es Meta Pixel et l'utilisation de vos donn\u00e9es pour afficher des publicit\u00e9s Facebook en modifiant les param\u00e8tres de votre compte Facebook.<\/p>\n\n\n\n<h4 class=\"wp-block-heading\">7. <strong>Divulgation de donn\u00e9es \u00e0 des tiers<\/strong><\/h4>\n\n\n\n<p>Nous ne transmettons vos donn\u00e9es \u00e0 des tiers que si cela est l\u00e9galement autoris\u00e9 ou si vous avez donn\u00e9 votre accord. Les destinataires possibles sont les suivants :<\/p>\n\n\n\n<ul class=\"wp-block-list\">\n<li>Prestataires de services d'exp\u00e9dition pour la livraison de marchandises<\/li>\n\n\n\n<li>Prestataires de services de paiement pour le traitement des paiements<\/li>\n\n\n\n<li>Fournisseurs de services informatiques pour la maintenance de nos syst\u00e8mes<\/li>\n\n\n\n<li>Autorit\u00e9s requises par la loi<\/li>\n\n\n\n<li>Google et Meta pour les mesures de suivi et de publicit\u00e9 susmentionn\u00e9es<\/li>\n<\/ul>\n\n\n\n<h4 class=\"wp-block-heading\">8. <strong>Transfert de donn\u00e9es vers des pays tiers<\/strong><\/h4>\n\n\n\n<p>Vos donn\u00e9es personnelles ne sont transf\u00e9r\u00e9es vers des pays hors de l'Union europ\u00e9enne que si cela est n\u00e9cessaire \u00e0 l'ex\u00e9cution d'un contrat, si vous avez donn\u00e9 votre consentement ou pour l'utilisation de services tels que Google Analytics et Meta Pixel, qui sont bas\u00e9s aux \u00c9tats-Unis. Nous garantissons des normes de protection des donn\u00e9es appropri\u00e9es, notamment par la conclusion de clauses contractuelles standard avec ces fournisseurs.<\/p>\n\n\n\n<h4 class=\"wp-block-heading\">9. <strong>P\u00e9riode de stockage<\/strong><\/h4>\n\n\n\n<p>Vos donn\u00e9es ne seront conserv\u00e9es que pendant la dur\u00e9e n\u00e9cessaire \u00e0 la r\u00e9alisation des objectifs susmentionn\u00e9s ou conform\u00e9ment \u00e0 la loi. Ensuite, les donn\u00e9es seront supprim\u00e9es ou rendues anonymes.<\/p>\n\n\n\n<h4 class=\"wp-block-heading\">10. <strong>Vos droits<\/strong><\/h4>\n\n\n\n<p>Vous avez le droit de :<\/p>\n\n\n\n<ul class=\"wp-block-list\">\n<li>Demander l'acc\u00e8s aux donn\u00e9es personnelles que nous traitons \u00e0 votre sujet (Art. 15 GDPR)<\/li>\n\n\n\n<li>Demander la correction de donn\u00e9es incorrectes ou incompl\u00e8tes (Art. 16 GDPR)<\/li>\n\n\n\n<li>Demander la suppression de vos donn\u00e9es personnelles (Art. 17 GDPR)<\/li>\n\n\n\n<li>Demander la limitation du traitement des donn\u00e9es (article 18 du RGPD)<\/li>\n\n\n\n<li>S'opposer au traitement de vos donn\u00e9es (Art. 21 GDPR)<\/li>\n\n\n\n<li>Retirer son consentement au traitement des donn\u00e9es \u00e0 tout moment (article 7, paragraphe 3, du RGPD).<\/li>\n\n\n\n<li>Demander la portabilit\u00e9 des donn\u00e9es (article 20 du RGPD)<\/li>\n\n\n\n<li>D\u00e9poser une plainte aupr\u00e8s d'une autorit\u00e9 de contr\u00f4le (article 77 du RGPD)<\/li>\n<\/ul>\n\n\n\n<h4 class=\"wp-block-heading\">11. <strong>Cookies et technologies de suivi<\/strong><\/h4>\n\n\n\n<p>Notre site web utilise des cookies et des technologies similaires pour analyser l'utilisation du site et am\u00e9liorer nos services. Il s'agit notamment de cookies de tiers tels que Google et Meta, qui collectent et traitent des informations sur votre utilisation de notre site web. Vous pouvez \u00e0 tout moment retirer votre consentement \u00e0 l'utilisation de cookies ou emp\u00eacher leur stockage par le biais des param\u00e8tres de votre navigateur.<\/p>\n\n\n\n<h4 class=\"wp-block-heading\">12. <strong>Modifications de la pr\u00e9sente politique de protection de la vie priv\u00e9e<\/strong><\/h4>\n\n\n\n<p>Nous nous r\u00e9servons le droit de mettre \u00e0 jour cette politique de confidentialit\u00e9 si n\u00e9cessaire. La version actuelle peut \u00eatre consult\u00e9e \u00e0 tout moment sur notre site web.<\/p>\n\n\n\n<h4 class=\"wp-block-heading\">13. <strong>Contact<\/strong><\/h4>\n\n\n\n<p>Si vous avez des questions concernant cette politique de confidentialit\u00e9 ou le traitement de vos donn\u00e9es personnelles, vous pouvez nous contacter \u00e0 l'adresse ci-dessus ou par courrier \u00e9lectronique.<\/p>\n\n\n\n<hr class=\"wp-block-separator has-alpha-channel-opacity\"\/>","protected":false},"excerpt":{"rendered":"<p>1. Introduction Welcome to FroGoodies! Protecting your personal data is very important to us. This privacy policy explains what personal<\/p>","protected":false},"author":4,"featured_media":0,"parent":0,"menu_order":0,"comment_status":"closed","ping_status":"open","template":"elementor_header_footer","meta":{"_acf_changed":false,"footnotes":""},"class_list":["post-3","page","type-page","status-publish","hentry"],"acf":[],"jetpack_sharing_enabled":true,"_links":{"self":[{"href":"https:\/\/frogoodies.com\/fr\/wp-json\/wp\/v2\/pages\/3","targetHints":{"allow":["GET"]}}],"collection":[{"href":"https:\/\/frogoodies.com\/fr\/wp-json\/wp\/v2\/pages"}],"about":[{"href":"https:\/\/frogoodies.com\/fr\/wp-json\/wp\/v2\/types\/page"}],"author":[{"embeddable":true,"href":"https:\/\/frogoodies.com\/fr\/wp-json\/wp\/v2\/users\/4"}],"replies":[{"embeddable":true,"href":"https:\/\/frogoodies.com\/fr\/wp-json\/wp\/v2\/comments?post=3"}],"version-history":[{"count":1,"href":"https:\/\/frogoodies.com\/fr\/wp-json\/wp\/v2\/pages\/3\/revisions"}],"predecessor-version":[{"id":29426,"href":"https:\/\/frogoodies.com\/fr\/wp-json\/wp\/v2\/pages\/3\/revisions\/29426"}],"wp:attachment":[{"href":"https:\/\/frogoodies.com\/fr\/wp-json\/wp\/v2\/media?parent=3"}],"curies":[{"name":"wp","href":"https:\/\/api.w.org\/{rel}","templated":true}]}}