{"id":28838,"date":"2024-08-21T18:24:05","date_gmt":"2024-08-21T18:24:05","guid":{"rendered":"https:\/\/frogoodies.com\/?page_id=28838"},"modified":"2024-08-21T22:58:49","modified_gmt":"2024-08-21T22:58:49","slug":"lunch-meal-packs","status":"publish","type":"page","link":"https:\/\/frogoodies.com\/fr\/lunch-meal-packs\/","title":{"rendered":"Paquets-repas pour le d\u00e9jeuner"},"content":{"rendered":"<div data-elementor-type=\"wp-post\" data-elementor-id=\"28838\" class=\"elementor elementor-28838\" data-elementor-post-type=\"page\">\n\t\t\t\t<div class=\"wd-negative-gap elementor-element elementor-element-4d66712 e-flex e-con-boxed e-con e-parent\" data-id=\"4d66712\" data-element_type=\"container\" data-e-type=\"container\">\n\t\t\t\t\t<div class=\"e-con-inner\">\n\t\t\t\t<div class=\"elementor-element elementor-element-d9c5924 elementor-widget elementor-widget-wd_text_block\" data-id=\"d9c5924\" data-element_type=\"widget\" data-e-type=\"widget\" data-widget_type=\"wd_text_block.default\">\n\t\t\t\t<div class=\"elementor-widget-container\">\n\t\t\t\t\t\t\t<div class=\"wd-text-block reset-last-child text-left\">\n\t\t\t\n\t\t\t\n\t\t\t\t\t<\/div>\n\t\t\t\t\t\t<\/div>\n\t\t\t\t<\/div>\n\t\t\t\t\t<\/div>\n\t\t\t\t<\/div>\n\t\t<div class=\"elementor-element elementor-element-67904215 e-flex e-con-boxed e-con e-parent\" data-id=\"67904215\" data-element_type=\"container\" data-e-type=\"container\">\n\t\t\t\t\t<div class=\"e-con-inner\">\n\t\t\t\t<div class=\"elementor-element elementor-element-2ae04191 elementor-widget elementor-widget-heading\" data-id=\"2ae04191\" data-element_type=\"widget\" data-e-type=\"widget\" data-widget_type=\"heading.default\">\n\t\t\t\t<div class=\"elementor-widget-container\">\n\t\t\t\t\t<h1 class=\"elementor-heading-title elementor-size-default\">Apportez des cuisines vari\u00e9es sur votre lieu de travail gr\u00e2ce \u00e0 des paquets-repas pratiques<\/h1>\t\t\t\t<\/div>\n\t\t\t\t<\/div>\n\t\t\t\t<div class=\"elementor-element elementor-element-1d953fdb color-scheme-inherit text-left elementor-widget elementor-widget-text-editor\" data-id=\"1d953fdb\" data-element_type=\"widget\" data-e-type=\"widget\" data-widget_type=\"text-editor.default\">\n\t\t\t\t<div class=\"elementor-widget-container\">\n\t\t\t\t\t\t\t\t\t<p>parfait pour les livraisons au bureau. Savourez des saveurs authentiques et gourmandes du monde entier en quelques minutes, sans quitter votre bureau.<\/p>\t\t\t\t\t\t\t\t<\/div>\n\t\t\t\t<\/div>\n\t\t\t\t\t<\/div>\n\t\t\t\t<\/div>\n\t\t<div class=\"wd-negative-gap elementor-element elementor-element-bb998f1 e-flex e-con-boxed e-con e-parent\" data-id=\"bb998f1\" data-element_type=\"container\" data-e-type=\"container\">\n\t\t\t\t\t<div class=\"e-con-inner\">\n\t\t\t\t\t<\/div>\n\t\t\t\t<\/div>\n\t\t\t\t<\/div>","protected":false},"excerpt":{"rendered":"<p>Bring diverse cuisines to your workplace with convenient meal packs perfect for office deliveries. Enjoy authentic, gourmet flavors from around<\/p>","protected":false},"author":4,"featured_media":29437,"parent":0,"menu_order":0,"comment_status":"closed","ping_status":"closed","template":"","meta":{"_acf_changed":false,"footnotes":""},"class_list":["post-28838","page","type-page","status-publish","has-post-thumbnail","hentry"],"acf":[],"jetpack_sharing_enabled":true,"_links":{"self":[{"href":"https:\/\/frogoodies.com\/fr\/wp-json\/wp\/v2\/pages\/28838","targetHints":{"allow":["GET"]}}],"collection":[{"href":"https:\/\/frogoodies.com\/fr\/wp-json\/wp\/v2\/pages"}],"about":[{"href":"https:\/\/frogoodies.com\/fr\/wp-json\/wp\/v2\/types\/page"}],"author":[{"embeddable":true,"href":"https:\/\/frogoodies.com\/fr\/wp-json\/wp\/v2\/users\/4"}],"replies":[{"embeddable":true,"href":"https:\/\/frogoodies.com\/fr\/wp-json\/wp\/v2\/comments?post=28838"}],"version-history":[{"count":13,"href":"https:\/\/frogoodies.com\/fr\/wp-json\/wp\/v2\/pages\/28838\/revisions"}],"predecessor-version":[{"id":29477,"href":"https:\/\/frogoodies.com\/fr\/wp-json\/wp\/v2\/pages\/28838\/revisions\/29477"}],"wp:featuredmedia":[{"embeddable":true,"href":"https:\/\/frogoodies.com\/fr\/wp-json\/wp\/v2\/media\/29437"}],"wp:attachment":[{"href":"https:\/\/frogoodies.com\/fr\/wp-json\/wp\/v2\/media?parent=28838"}],"curies":[{"name":"wp","href":"https:\/\/api.w.org\/{rel}","templated":true}]}}