{"id":28706,"date":"2024-06-17T12:08:58","date_gmt":"2024-06-17T12:08:58","guid":{"rendered":"https:\/\/frogoodies.com\/?page_id=28706"},"modified":"2024-12-09T13:59:05","modified_gmt":"2024-12-09T13:59:05","slug":"imprint","status":"publish","type":"page","link":"https:\/\/frogoodies.com\/fr\/imprint\/","title":{"rendered":"Impression"},"content":{"rendered":"<p><strong>Impression<\/strong><\/p>\n\n\n\n<p><strong>Informations conform\u00e9ment \u00e0 l'article 5 du TMG :<\/strong><\/p>\n\n\n\n<p>FroGoodies GmbH<br>Directeur g\u00e9n\u00e9ral : Florence Hofmann-Mua<br>Mainzerstrasse 21<br>64572 B\u00fcttelborn<br>Allemagne<\/p>\n\n\n\n<p><strong>Contact :<\/strong><\/p>\n\n\n\n<p>T\u00e9l\u00e9phone : +49 (0) 6152 8558 773 +49 (0) 6152 8558 773<br>Courriel : info@frogoodies.com<\/p>\n\n\n\n<p><strong>ID TVA :<\/strong><\/p>\n\n\n\n<p>Num\u00e9ro d'identification TVA conform\u00e9ment au \u00a7 27 a de la loi sur la TVA : DE342307996<\/p>\n\n\n\n<p>HRB 103587, Amtsgericht Darmstadt,<\/p>\n\n\n\n<p><strong>Responsable du contenu conform\u00e9ment au \u00a7 55 Abs. 2 RStV :<\/strong><\/p>\n\n\n\n<p>F Hofmann<br>Mainzerstrasse 21<br>64572 B\u00fcttelborn<\/p>\n\n\n\n<p><strong>R\u00e9solution des litiges :<\/strong><\/p>\n\n\n\n<p>La Commission europ\u00e9enne met \u00e0 disposition une plateforme de r\u00e9solution des litiges en ligne (OS) : <a href=\"https:\/\/ec.europa.eu\/consumers\/odr\">https:\/\/ec.europa.eu\/consumers\/odr<\/a>. Notre adresse \u00e9lectronique se trouve au-dessus des mentions l\u00e9gales.<\/p>\n\n\n\n<p>Nous ne sommes pas dispos\u00e9s \u00e0 participer \u00e0 une proc\u00e9dure de r\u00e8glement des litiges devant une commission d'arbitrage des consommateurs et nous ne sommes pas tenus de le faire.<\/p>\n\n\n\n<p><strong>Responsabilit\u00e9 du contenu :<\/strong><\/p>\n\n\n\n<p>En tant que prestataires de services, nous sommes responsables de notre propre contenu sur ces pages conform\u00e9ment aux lois g\u00e9n\u00e9rales en vertu de l'article 7 Abs.1 TMG. Toutefois, conform\u00e9ment aux articles 8 \u00e0 10 de la TMG, nous ne sommes pas tenus, en tant que prestataires de services, de surveiller les informations \u00e9trang\u00e8res transmises ou stock\u00e9es, ni d'enqu\u00eater sur des circonstances indiquant une activit\u00e9 ill\u00e9gale.<\/p>\n\n\n\n<p>Les obligations de retirer ou de bloquer l'utilisation d'informations en vertu des lois g\u00e9n\u00e9rales ne sont pas affect\u00e9es. Toutefois, la responsabilit\u00e9 \u00e0 cet \u00e9gard n'est possible qu'\u00e0 partir du moment o\u00f9 l'on a connaissance d'une infraction sp\u00e9cifique. D\u00e8s que nous aurons connaissance de telles violations de la loi, nous supprimerons imm\u00e9diatement ce contenu.<\/p>\n\n\n\n<p><strong>Responsabilit\u00e9 pour les liens :<\/strong><\/p>\n\n\n\n<p>Notre offre contient des liens vers des sites web externes de tiers, sur le contenu desquels nous n'avons aucune influence. Par cons\u00e9quent, nous ne pouvons assumer aucune responsabilit\u00e9 pour ces contenus externes. Le fournisseur ou l'exploitant des pages est toujours responsable du contenu des pages li\u00e9es. Les pages li\u00e9es ont \u00e9t\u00e9 contr\u00f4l\u00e9es au moment de la mise en place des liens afin de d\u00e9tecter d'\u00e9ventuelles violations de la loi. Les contenus ill\u00e9gaux n'\u00e9taient pas identifiables au moment de la cr\u00e9ation du lien.<\/p>\n\n\n\n<p>Toutefois, un contr\u00f4le permanent du contenu des pages li\u00e9es n'est pas raisonnable en l'absence de preuves concr\u00e8tes d'une infraction. D\u00e8s que nous aurons connaissance d'une violation de la loi, nous supprimerons imm\u00e9diatement les liens en question.<\/p>\n\n\n\n<p><strong>Droit d'auteur :<\/strong><\/p>\n\n\n\n<p>Le contenu et les \u0153uvres de ces pages cr\u00e9\u00e9s par les op\u00e9rateurs du site sont soumis \u00e0 la loi allemande sur les droits d'auteur. La reproduction, le traitement, la distribution et toute forme d'exploitation en dehors des limites de la loi sur les droits d'auteur n\u00e9cessitent l'accord \u00e9crit de l'auteur ou du cr\u00e9ateur concern\u00e9. Les t\u00e9l\u00e9chargements et les copies de ce site ne sont autoris\u00e9s que pour un usage priv\u00e9 et non commercial.<\/p>\n\n\n\n<p>Dans la mesure o\u00f9 le contenu de ce site n'a pas \u00e9t\u00e9 cr\u00e9\u00e9 par l'op\u00e9rateur, les droits d'auteur de tiers sont respect\u00e9s. Les contenus de tiers sont notamment signal\u00e9s comme tels. Si vous constatez n\u00e9anmoins une violation des droits d'auteur, nous vous prions de nous en informer. D\u00e8s que nous aurons connaissance d'une violation de la loi, nous supprimerons imm\u00e9diatement le contenu en question.<\/p>\n\n<div class=\"woocommerce woocommerce-gzd woocommerce-gzd-complaints-shortcode\">\n\t\t\t<h3>Alternative Dispute Resolution in accordance with Art. 14 (1) ODR-VO and \u00a7 36 VSBG:<\/h3>\n\t\nWe are not obliged nor willing to participate in dispute settlement proceedings before a consumer arbitration board.<\/div>","protected":false},"excerpt":{"rendered":"<p>Imprint Information according to \u00a7 5 TMG: FroGoodies GmbHManaging Director: Florence Hofmann-MuaMainzerstrasse 2164572 B\u00fcttelbornGermany Contact: Phone: +49 (0) 6152 8558<\/p>","protected":false},"author":4,"featured_media":0,"parent":0,"menu_order":0,"comment_status":"closed","ping_status":"closed","template":"","meta":{"_acf_changed":false,"footnotes":""},"class_list":["post-28706","page","type-page","status-publish","hentry"],"acf":[],"jetpack_sharing_enabled":true,"_links":{"self":[{"href":"https:\/\/frogoodies.com\/fr\/wp-json\/wp\/v2\/pages\/28706","targetHints":{"allow":["GET"]}}],"collection":[{"href":"https:\/\/frogoodies.com\/fr\/wp-json\/wp\/v2\/pages"}],"about":[{"href":"https:\/\/frogoodies.com\/fr\/wp-json\/wp\/v2\/types\/page"}],"author":[{"embeddable":true,"href":"https:\/\/frogoodies.com\/fr\/wp-json\/wp\/v2\/users\/4"}],"replies":[{"embeddable":true,"href":"https:\/\/frogoodies.com\/fr\/wp-json\/wp\/v2\/comments?post=28706"}],"version-history":[{"count":3,"href":"https:\/\/frogoodies.com\/fr\/wp-json\/wp\/v2\/pages\/28706\/revisions"}],"predecessor-version":[{"id":29924,"href":"https:\/\/frogoodies.com\/fr\/wp-json\/wp\/v2\/pages\/28706\/revisions\/29924"}],"wp:attachment":[{"href":"https:\/\/frogoodies.com\/fr\/wp-json\/wp\/v2\/media?parent=28706"}],"curies":[{"name":"wp","href":"https:\/\/api.w.org\/{rel}","templated":true}]}}