{"id":27634,"date":"2024-05-24T19:32:47","date_gmt":"2024-05-24T19:32:47","guid":{"rendered":"https:\/\/frogoodies.com\/?page_id=27634"},"modified":"2024-09-26T00:22:31","modified_gmt":"2024-09-26T00:22:31","slug":"local-delivery","status":"publish","type":"page","link":"https:\/\/frogoodies.com\/fr\/local-delivery\/","title":{"rendered":"Livraison locale"},"content":{"rendered":"<div data-elementor-type=\"wp-page\" data-elementor-id=\"27634\" class=\"elementor elementor-27634\" data-elementor-post-type=\"page\">\n\t\t\t\t\t\t<section class=\"wd-negative-gap elementor-section elementor-top-section elementor-element elementor-element-2a55b27 wd-section-stretch_row_content elementor-section-content-middle elementor-section-boxed elementor-section-height-default elementor-section-height-default\" data-id=\"2a55b27\" data-element_type=\"section\" data-e-type=\"section\">\n\t\t\t\t\t\t<div class=\"elementor-container elementor-column-gap-no\">\n\t\t\t\t\t<div class=\"elementor-column elementor-col-100 elementor-top-column elementor-element elementor-element-e9f63a9 elementor-hidden-tablet\" data-id=\"e9f63a9\" data-element_type=\"column\" data-e-type=\"column\">\n\t\t\t<div class=\"elementor-widget-wrap elementor-element-populated\">\n\t\t\t\t\t\t<div class=\"elementor-element elementor-element-97c5a0f elementor-widget elementor-widget-wd_banner\" data-id=\"97c5a0f\" data-element_type=\"widget\" data-e-type=\"widget\" data-widget_type=\"wd_banner.default\">\n\t\t\t\t<div class=\"elementor-widget-container\">\n\t\t\t\t\t\t\t<div class=\"promo-banner-wrapper\">\n\t\t\t<div class=\"promo-banner banner-mask banner-hover-zoom color-scheme-light banner-btn-size-small banner-btn-style-bordered banner-increased-padding wd-with-link\">\n\t\t\t\t<div class=\"main-wrapp-img\">\n\t\t\t\t\t<div class=\"banner-image\">\n\t\t\t\t\t\t\t\t\t\t\t\t\t\t\t\t\t\t\t\t\t<img loading=\"lazy\" decoding=\"async\" width=\"6912\" height=\"3456\" src=\"https:\/\/frogoodies.com\/wp-content\/uploads\/2024\/05\/Fish-Slide-2.png\" class=\"attachment-full size-full\" alt=\"\" srcset=\"https:\/\/frogoodies.com\/wp-content\/uploads\/2024\/05\/Fish-Slide-2.png 6912w, https:\/\/frogoodies.com\/wp-content\/uploads\/2024\/05\/Fish-Slide-2-430x215.png 430w, https:\/\/frogoodies.com\/wp-content\/uploads\/2024\/05\/Fish-Slide-2-150x75.png 150w, https:\/\/frogoodies.com\/wp-content\/uploads\/2024\/05\/Fish-Slide-2-700x350.png 700w, https:\/\/frogoodies.com\/wp-content\/uploads\/2024\/05\/Fish-Slide-2-400x200.png 400w, https:\/\/frogoodies.com\/wp-content\/uploads\/2024\/05\/Fish-Slide-2-1300x650.png 1300w, https:\/\/frogoodies.com\/wp-content\/uploads\/2024\/05\/Fish-Slide-2-768x384.png 768w, https:\/\/frogoodies.com\/wp-content\/uploads\/2024\/05\/Fish-Slide-2-1536x768.png 1536w, https:\/\/frogoodies.com\/wp-content\/uploads\/2024\/05\/Fish-Slide-2-2048x1024.png 2048w\" sizes=\"auto, (max-width: 6912px) 100vw, 6912px\" \/>\t\t\t\t\t\t\t\t\t\t\t\t\t\t\t\t\t\t<\/div>\n\t\t\t\t<\/div>\n\n\t\t\t\t<div class=\"wrapper-content-banner wd-fill wd-items-middle wd-justify-center\">\n\t\t\t\t\t<div class=\"content-banner  text-center\">\n\t\t\t\t\t\t\n\t\t\t\t\t\t\t\t\t\t\t\t\t<h4 class=\"banner-title wd-fontsize-xxl\" data-elementor-setting-key=\"title\">\n\t\t\t\t\t\t\t\t\"Bienvenue dans nos livraisons locales, o\u00f9 <br \/>\nl'excellence culinaire rencontre la commodit\u00e9 !\t\t\t\t\t\t\t<\/h4>\n\t\t\t\t\t\t\n\t\t\t\t\t\t\t\t\t\t\t\t\t<div class=\"banner-inner reset-last-child wd-fontsize-s\" data-elementor-setting-key=\"content\">\n\t\t\t\t\t\t\t\t<p>Savourez des plats authentiques du monde entier, livr\u00e9s \u00e0 votre porte en quelques minutes. Nos chefs \u00e9laborent un menu con\u00e7u pour le plaisir de toutes les papilles.<\/p>\n<p>Savourez des repas gastronomiques sans quitter votre domicile, disponibles pour une livraison rapide et fiable dans la grande r\u00e9gion de Francfort\/Darmstadt.<\/p>\n<p>D\u00e9couvrez notre menu, passez votre commande et laissez-vous tenter par la facilit\u00e9 d'un bon repas \u00e0 port\u00e9e de clic !<\/p>\n\t\t\t\t\t\t\t<\/div>\n\t\t\t\t\t\t\n\t\t\t\t\t\t\n\t\t\t\t\t\t\t\t\t\t\t<\/div>\n\t\t\t\t<\/div>\n\n\t\t\t\t\t\t\t\t\t<a href=\"#\" class=\"wd-promo-banner-link wd-fill\" aria-label=\"Banner link\"><\/a>\n\t\t\t\t\t\t\t<\/div>\n\t\t<\/div>\n\t\t\t\t\t\t<\/div>\n\t\t\t\t<\/div>\n\t\t\t\t\t<\/div>\n\t\t<\/div>\n\t\t\t\t\t<\/div>\n\t\t<\/section>\n\t\t<div class=\"wd-negative-gap elementor-element elementor-element-a169da2 e-flex e-con-boxed e-con e-parent\" data-id=\"a169da2\" data-element_type=\"container\" data-e-type=\"container\">\n\t\t\t\t\t<div class=\"e-con-inner\">\n\t\t\t\t<div class=\"elementor-element elementor-element-7d60225 elementor-headline--style-highlight elementor-widget elementor-widget-animated-headline\" data-id=\"7d60225\" data-element_type=\"widget\" data-e-type=\"widget\" data-settings=\"{&quot;highlighted_text&quot;:&quot;10km from FroGoodies&quot;,&quot;headline_style&quot;:&quot;highlight&quot;,&quot;marker&quot;:&quot;circle&quot;,&quot;loop&quot;:&quot;yes&quot;,&quot;highlight_animation_duration&quot;:1200,&quot;highlight_iteration_delay&quot;:8000}\" data-widget_type=\"animated-headline.default\">\n\t\t\t\t<div class=\"elementor-widget-container\">\n\t\t\t\t\t\t\t<h3 class=\"elementor-headline\">\r\n\t\t\t\t\t<span class=\"elementor-headline-plain-text elementor-headline-text-wrapper\"> Livraison gratuite dans les \t<\/span>\r\n\t\t\t\t<span class=\"elementor-headline-dynamic-wrapper elementor-headline-text-wrapper\">\r\n\t\t\t\t\t<span class=\"elementor-headline-dynamic-text elementor-headline-text-active\">10km de FroGoodies<\/span>\r\n\t\t\t\t<\/span>\r\n\t\t\t\t<\/h3>\r\n\t\t\t\t\t\t<\/div>\n\t\t\t\t<\/div>\n\t\t\t\t\t<\/div>\n\t\t\t\t<\/div>\n\t\t<div class=\"wd-negative-gap elementor-element elementor-element-248c710 e-flex e-con-boxed e-con e-parent\" data-id=\"248c710\" data-element_type=\"container\" data-e-type=\"container\">\n\t\t\t\t\t<div class=\"e-con-inner\">\n\t\t\t\t<div class=\"elementor-element elementor-element-0aa96b6 elementor-widget elementor-widget-wd_table\" data-id=\"0aa96b6\" data-element_type=\"widget\" data-e-type=\"widget\" data-widget_type=\"wd_table.default\">\n\t\t\t\t<div class=\"elementor-widget-container\">\n\t\t\t\t\t\t\t<div class=\"wd-el-table-wrap wd-reset-all-last\">\n\t\t\t<table class=\"wd-el-table\">\n\t\t\t\t\t\t\t\t\t<thead class=\"text-right\">\n\t\t\t\t\t\t\t\t\t\t\t\t\t\t\t\t\t\t\t\t\t\t\t\t\t\t\t\t\t\t<tr class=\"wd-table-row elementor-repeater-item-6c51f32\">\n\t\t\t\t\t\t\t\t\t\t\t\t\t\t\t\t\t\t\t\t\t\t\t\t\t\t\t\t\t\t\t\t\t\t\t\t<th class=\"wd-table-cell elementor-repeater-item-f5d1192\" colspan=\"1\" rowspan=\"1\">\n\t\t\t\t\t\t\t\t\t<p>Volaille<\/p>\t\t\t\t\t\t\t\t<\/th>\n\t\t\t\t\t\t\t\t\t\t\t\t\t\t\t\t\t\t\t\t\t\t\t\t\t\t\t\t<th class=\"wd-table-cell elementor-repeater-item-979c524\" colspan=\"1\" rowspan=\"1\">\n\t\t\t\t\t\t\t\t\t<p>B\u0153uf<\/p>\t\t\t\t\t\t\t\t<\/th>\n\t\t\t\t\t\t\t\t\t\t\t\t\t\t\t\t\t\t\t\t\t\t\t\t\t\t\t\t<th class=\"wd-table-cell elementor-repeater-item-15b6d20\" colspan=\"1\" rowspan=\"1\">\n\t\t\t\t\t\t\t\t\t<p>Fisch<\/p>\t\t\t\t\t\t\t\t<\/th>\n\t\t\t\t\t\t\t\t\t\t\t\t\t\t\t\t\t\t\t\t\t\t\t\t\t\t\t\t<th class=\"wd-table-cell elementor-repeater-item-a92c796\" colspan=\"1\" rowspan=\"1\">\n\t\t\t\t\t\t\t\t\t<p>\u00a0Porc<\/p>\t\t\t\t\t\t\t\t<\/th>\n\t\t\t\t\t\t\t\t\t\t\t\t\t\t\t\t\t\t\t\t\t\t\t\t\t\t\t\t<th class=\"wd-table-cell elementor-repeater-item-9c300a0\" colspan=\"1\" rowspan=\"1\">\n\t\t\t\t\t\t\t\t\t<p>V\u00e9g\u00e9tarien<\/p>\t\t\t\t\t\t\t\t<\/th>\n\t\t\t\t\t\t\t\t\t\t\t\t\t\t\t\t\t\t\t\t\t\t\t\t\t\t\t\t<th class=\"wd-table-cell elementor-repeater-item-1dd346e\" colspan=\"1\" rowspan=\"1\">\n\t\t\t\t\t\t\t\t\t<p>C\u00f4t\u00e9s<\/p>\t\t\t\t\t\t\t\t<\/th>\n\t\t\t\t\t\t\t\t\t\t\t\t\t\t\t\t\t\t\t<\/tr>\n\t\t\t\t\t<\/thead>\n\t\t\t\t\n\t\t\t\t<tbody class=\"text-left\">\n\t\t\t\t\t\t\t\t\t\t\t\t\t\t\t\t\t\t\t\t\t\t\t\t\t\t<tr class=\"wd-table-row elementor-repeater-item-baa9781\">\n\t\t\t\t\t\t\t\t\t\t\t\t\t\t\t\t\t\t\t\t\t\t\t\t\t\t\t\t\t\t\t<td class=\"wd-table-cell elementor-repeater-item-aa6ead7\" colspan=\"1\" rowspan=\"1\">\n\t\t\t\t\t\t\t<table dir=\"ltr\" border=\"1\" cellspacing=\"0\" cellpadding=\"0\" data-sheets-root=\"1\" data-sheets-baot=\"1\"><colgroup> <col width=\"261\" \/> <col width=\"100\" \/><\/colgroup><tbody><tr><td>Beurre H\u00e4hnchen<\/td><td>Poulet au beurre<\/td><\/tr><tr><td>Maison d'habitation en bois<\/td><td>Poulet frit<\/td><\/tr><tr><td>BBQ- H\u00e4nchen<\/td><td>Poulet BBQ<\/td><\/tr><tr><td>Les chevaux afro-grisillons<\/td><td><div><div>Poulet afro-grill\u00e9<\/div><\/div><\/td><\/tr><tr><td>Gegrillte Putenspie\u00dfe<\/td><td><div><div>B\u00e2tonnets de dinde grill\u00e9s<\/div><\/div><\/td><\/tr><tr><td>H\u00e4hnchen-Tomaten-Eintopf<\/td><td><div><div>Rago\u00fbt de poulet et de tomates<\/div><\/div><\/td><\/tr><\/tbody><\/table><table dir=\"ltr\" border=\"1\" cellspacing=\"0\" cellpadding=\"0\" data-sheets-root=\"1\" data-sheets-baot=\"1\"><colgroup><col width=\"261\" \/><col width=\"100\" \/><\/colgroup><tbody><tr><td>Jerk- H\u00e4hnchen<\/td><td>Poulet Jerk<\/td><\/tr><tr><td>BBQ- H\u00e4hnchen<\/td><td>Poulet BBQ<\/td><\/tr><\/tbody><\/table>\t\t\t\t\t\t\t<\/td>\n\t\t\t\t\t\t\t\t\t\t\t\t\t\t\t\t\t\t\t\t\t\t\t\t<td class=\"wd-table-cell elementor-repeater-item-91fb8e7\" colspan=\"1\" rowspan=\"1\">\n\t\t\t\t\t\t\t<table dir=\"ltr\" border=\"1\" cellspacing=\"0\" cellpadding=\"0\" data-sheets-root=\"1\" data-sheets-baot=\"1\"><colgroup><col width=\"261\" \/><col width=\"100\" \/><\/colgroup><tbody><tr><td>Gulasch<\/td><td>Goulasch<\/td><\/tr><tr><td>Rouladen<\/td><td>Rouladen<\/td><\/tr><tr><td>Suya gegrillte Spie\u00dfe<\/td><td>Soja<\/td><\/tr><tr><td>Style Cayman-Rindfleisch<\/td><td><div><div>B\u0153uf \u00e0 la cayenne<\/div><\/div><\/td><\/tr><tr><td>Rinderbraten<\/td><td>R\u00f4ti de b\u0153uf<\/td><\/tr><tr><td>Rindfleisch Geschmortes<\/td><td>B\u0153uf brais\u00e9<\/td><\/tr><tr><td>Geschmorter Ochsenschwanz<\/td><td>Queue de b\u0153uf brais\u00e9e<\/td><\/tr><tr><td>K\u00f6fte (Frikadellen)<\/td><td><div><div>K\u00f6fte (Frikadelle)<\/div><\/div><\/td><\/tr><tr><td>Kibbeh<\/td><td>Kibbeh<\/td><\/tr><tr><td>Daoud Basha<\/td><td>Dauod Bascha<\/td><\/tr><tr><td>Poisson des neiges mongolien<\/td><td>Boeuf mongolien<\/td><\/tr><\/tbody><\/table>\t\t\t\t\t\t\t<\/td>\n\t\t\t\t\t\t\t\t\t\t\t\t\t\t\t\t\t\t\t\t\t\t\t\t<td class=\"wd-table-cell elementor-repeater-item-b53914b\" colspan=\"1\" rowspan=\"1\">\n\t\t\t\t\t\t\t<table dir=\"ltr\" border=\"1\" cellspacing=\"0\" cellpadding=\"0\" data-sheets-root=\"1\" data-sheets-baot=\"1\"><colgroup><col width=\"261\" \/><col width=\"100\" \/><\/colgroup><tbody><tr><td>Gebackener Lachs<\/td><td>Saumon au four<\/td><\/tr><tr><td>Fisch-Rundown<\/td><td>R\u00e9capitulatif des poissons<\/td><\/tr><tr><td>Dans la piscine, le poisson est cultiv\u00e9<\/td><td><div><div>Poisson po\u00eal\u00e9<\/div><\/div><\/td><\/tr><tr><td>Escovitch-Fisch (Gebraten - Jamaikanisch)<\/td><td><div><div>Poisson Escovitch (frit - Jama\u00efque)<\/div><\/div><\/td><\/tr><\/tbody><\/table>\t\t\t\t\t\t\t<\/td>\n\t\t\t\t\t\t\t\t\t\t\t\t\t\t\t\t\t\t\t\t\t\t\t\t<td class=\"wd-table-cell elementor-repeater-item-508c240\" colspan=\"1\" rowspan=\"1\">\n\t\t\t\t\t\t\t<table dir=\"ltr\" border=\"1\" cellspacing=\"0\" cellpadding=\"0\" data-sheets-root=\"1\" data-sheets-baot=\"1\"><colgroup><col width=\"261\" \/><col width=\"100\" \/><\/colgroup><tbody><tr><td>Escalope<\/td><td>Escalope<\/td><\/tr><tr><td>Frikadellen<\/td><td>Frikadellen<\/td><\/tr><tr><td>Kasseler<\/td><td>Kasseler<\/td><\/tr><tr><td>Hackbraten<\/td><td>Pain de viande<\/td><\/tr><tr><td>Tir\u00e9<\/td><td>Tir\u00e9<\/td><\/tr><tr><td>Rago\u00fbt\/brais\u00e9<\/td><td>Rago\u00fbt\/brais\u00e9<\/td><\/tr><\/tbody><\/table>\t\t\t\t\t\t\t<\/td>\n\t\t\t\t\t\t\t\t\t\t\t\t\t\t\t\t\t\t\t\t\t\t\t\t<td class=\"wd-table-cell elementor-repeater-item-d26bf8a\" colspan=\"1\" rowspan=\"1\">\n\t\t\t\t\t\t\t<table dir=\"ltr\" border=\"1\" cellspacing=\"0\" cellpadding=\"0\" data-sheets-root=\"1\" data-sheets-baot=\"1\"><colgroup><col width=\"261\" \/><col width=\"100\" \/><\/colgroup><tbody><tr><td>Tomateneintopf<\/td><td>Rago\u00fbt de tomates<\/td><\/tr><tr><td>Mandeln\/Rosinen\/Curry (Syrisch)<\/td><td><div><div>Mandeln\/Rosinen\/Curry Syrisch :<\/div><\/div><\/td><\/tr><tr><td>L\u00e9gumes afro m\u00e9lang\u00e9s<\/td><td><div><div>L\u00e9gumes afro m\u00e9lang\u00e9s<\/div><\/div><\/td><\/tr><tr><td>Produits frais (Kohl\/Karotten)<\/td><td><div><div>L\u00e9gumes frits au chou et \u00e0 la carotte<\/div><\/div><\/td><\/tr><tr><td>Ratatouille<\/td><td>Ratatouille<\/td><\/tr><tr><td>Lasagnes aux l\u00e9gumes<\/td><td><div><div>Lasagnes aux l\u00e9gumes :<\/div><\/div><\/td><\/tr><tr><td>Zucchini-Spaghetti<\/td><td><div><div>Zucchini-Spaghetti<\/div><\/div><\/td><\/tr><tr><td>Pilzrisotto<\/td><td>Pilzrisotto risotto<\/td><\/tr><tr><td>Kokosnusssuppe<\/td><td>Soupe \u00e0 la noix de coco<\/td><\/tr><tr><td>Reis et Erbsen<\/td><td>Riz et pois<\/td><\/tr><tr><td>Gem\u00fcsereis<\/td><td>Riz aux l\u00e9gumes<\/td><\/tr><tr><td>Le roi de la g\u00e9ographie<\/td><td>Riz frit<\/td><\/tr><\/tbody><\/table>\t\t\t\t\t\t\t<\/td>\n\t\t\t\t\t\t\t\t\t\t\t\t\t\t\t\t\t\t\t\t\t\t\t\t<td class=\"wd-table-cell elementor-repeater-item-0ad5f7b\" colspan=\"1\" rowspan=\"1\">\n\t\t\t\t\t\t\t<table dir=\"ltr\" border=\"1\" cellspacing=\"0\" cellpadding=\"0\" data-sheets-root=\"1\" data-sheets-baot=\"1\"><colgroup><col width=\"261\" \/><col width=\"100\" \/><\/colgroup><tbody><tr><td>Einfacher\/Brauner\/Parboiled-Reis<\/td><td><div><div>Riz ordinaire\/brun\/\u00e9bouillant\u00e9<\/div><\/div><\/td><\/tr><tr><td>Spirale<\/td><td>Spirale<\/td><\/tr><tr><td>Penne<\/td><td>Penne<\/td><\/tr><tr><td>Spaghetti<\/td><td>Spaghetti<\/td><\/tr><tr><td>K\u00e4sesp\u00e4tzle<\/td><td>K\u00e4sesp\u00e4tzle<\/td><\/tr><tr><td>Sautiert<\/td><td>Saut\u00e9<\/td><\/tr><tr><td>Ger\u00f6stet<\/td><td>R\u00f4ti<\/td><\/tr><tr><td>Ged\u00e4mpft<\/td><td>\u00c0 la vapeur<\/td><\/tr><tr><td>Frais<\/td><td>Frais<\/td><\/tr><tr><td>Kochbanane<\/td><td>Plantain<\/td><\/tr><tr><td>Maniok<\/td><td>Yuca<\/td><\/tr><tr><td>Festival<\/td><td>Festival<\/td><\/tr><tr><td>Fufu<\/td><td>Fufu<\/td><\/tr><tr><td>Bro Pudding<\/td><td>Pain au lait<\/td><\/tr><tr><td>S\u00fc\u00dfkartoffelkuchen<\/td><td><div><div>Tarte \u00e0 la patate douce<\/div><\/div><\/td><\/tr><tr><td>Jollof-Reis<\/td><td>Jollof<\/td><\/tr><tr><td>Polenta<\/td><td>Polenta<\/td><\/tr><tr><td>Quinoa<\/td><td>Quinoa<\/td><\/tr><tr><td>Macaronis au fromage<\/td><td>Mac&amp;Cheese<\/td><\/tr><tr><td>Sp\u00e4tzle<\/td><td>Sp\u00e4tzle<\/td><\/tr><\/tbody><\/table>\t\t\t\t\t\t\t<\/td>\n\t\t\t\t\t\t\t\t\t\t\t\t\t\t\t\t<\/tr>\n\t\t\t\t<\/tbody>\n\t\t\t<\/table>\n\t\t<\/div>\n\t\t\t\t\t\t<\/div>\n\t\t\t\t<\/div>\n\t\t\t\t\t<\/div>\n\t\t\t\t<\/div>\n\t\t\t\t<\/div>","protected":false},"excerpt":{"rendered":"<p>&#8220;Welcome to our Local deliveries, where culinary excellence meets convenience! Enjoy authentic dishes from all over the world, delivered to<\/p>","protected":false},"author":4,"featured_media":0,"parent":0,"menu_order":0,"comment_status":"closed","ping_status":"closed","template":"elementor_header_footer","meta":{"_acf_changed":false,"footnotes":""},"class_list":["post-27634","page","type-page","status-publish","hentry"],"acf":[],"jetpack_sharing_enabled":true,"_links":{"self":[{"href":"https:\/\/frogoodies.com\/fr\/wp-json\/wp\/v2\/pages\/27634","targetHints":{"allow":["GET"]}}],"collection":[{"href":"https:\/\/frogoodies.com\/fr\/wp-json\/wp\/v2\/pages"}],"about":[{"href":"https:\/\/frogoodies.com\/fr\/wp-json\/wp\/v2\/types\/page"}],"author":[{"embeddable":true,"href":"https:\/\/frogoodies.com\/fr\/wp-json\/wp\/v2\/users\/4"}],"replies":[{"embeddable":true,"href":"https:\/\/frogoodies.com\/fr\/wp-json\/wp\/v2\/comments?post=27634"}],"version-history":[{"count":34,"href":"https:\/\/frogoodies.com\/fr\/wp-json\/wp\/v2\/pages\/27634\/revisions"}],"predecessor-version":[{"id":29866,"href":"https:\/\/frogoodies.com\/fr\/wp-json\/wp\/v2\/pages\/27634\/revisions\/29866"}],"wp:attachment":[{"href":"https:\/\/frogoodies.com\/fr\/wp-json\/wp\/v2\/media?parent=27634"}],"curies":[{"name":"wp","href":"https:\/\/api.w.org\/{rel}","templated":true}]}}