{"id":27623,"date":"2024-05-24T19:13:34","date_gmt":"2024-05-24T19:13:34","guid":{"rendered":"https:\/\/frogoodies.com\/?page_id=27623"},"modified":"2024-05-24T19:27:05","modified_gmt":"2024-05-24T19:27:05","slug":"vacancies","status":"publish","type":"page","link":"https:\/\/frogoodies.com\/fr\/vacancies\/","title":{"rendered":"Postes vacants"},"content":{"rendered":"<div data-elementor-type=\"wp-page\" data-elementor-id=\"27623\" class=\"elementor elementor-27623\" data-elementor-post-type=\"page\">\n\t\t\t\t<div class=\"wd-negative-gap elementor-element elementor-element-fec6bb9 e-flex e-con-boxed e-con e-parent\" data-id=\"fec6bb9\" data-element_type=\"container\" data-e-type=\"container\">\n\t\t\t\t\t<div class=\"e-con-inner\">\n\t\t\t\t<div class=\"elementor-element elementor-element-25a10eb wd-width-100 elementor-widget elementor-widget-wd_title\" data-id=\"25a10eb\" data-element_type=\"widget\" data-e-type=\"widget\" data-widget_type=\"wd_title.default\">\n\t\t\t\t<div class=\"elementor-widget-container\">\n\t\t\t\t\t\t\t<div class=\"title-wrapper wd-set-mb reset-last-child wd-title-color-default wd-title-style-default wd-title-size-large text-center\">\n\n\t\t\t\n\t\t\t<div class=\"liner-continer\">\n\t\t\t\t<h4 class=\"woodmart-title-container title wd-fontsize-xxl\">Offres d'emploi<\/h4> \n\t\t\t\t\t\t\t<\/div>\n\n\t\t\t\t\t\t\t<div class=\"title-after_title reset-last-child wd-fontsize-s\">\n\t\t\t\t\t<p>\"Rejoignez-nous et embarquez pour un voyage enrichissant.<\/p><p>D\u00e9couvrez des opportunit\u00e9s de carri\u00e8re passionnantes, stimulez votre cr\u00e9ativit\u00e9 et exercez une influence positive dans un environnement dynamique et collaboratif.<\/p>\t\t\t\t<\/div>\n\t\t\t\t\t<\/div>\n\t\t\t\t\t\t<\/div>\n\t\t\t\t<\/div>\n\t\t\t\t\t<\/div>\n\t\t\t\t<\/div>\n\t\t<div class=\"wd-negative-gap elementor-element elementor-element-a775774 e-flex e-con-boxed e-con e-parent\" data-id=\"a775774\" data-element_type=\"container\" data-e-type=\"container\">\n\t\t\t\t\t<div class=\"e-con-inner\">\n\t\t<div class=\"elementor-element elementor-element-1c2fd58 e-con-full e-flex e-con e-child\" data-id=\"1c2fd58\" data-element_type=\"container\" data-e-type=\"container\">\n\t\t\t\t<div class=\"elementor-element elementor-element-7739655 elementor-widget elementor-widget-wd_image_or_svg\" data-id=\"7739655\" data-element_type=\"widget\" data-e-type=\"widget\" data-widget_type=\"wd_image_or_svg.default\">\n\t\t\t\t<div class=\"elementor-widget-container\">\n\t\t\t\t\t\n\t\t<div class=\"wd-image text-center\">\n\t\t\t\t\t\t\t\t<img loading=\"lazy\" decoding=\"async\" width=\"724\" height=\"1024\" src=\"https:\/\/frogoodies.com\/wp-content\/uploads\/2024\/05\/3-724x1024-1.png\" class=\"attachment-full size-full\" alt=\"\" srcset=\"https:\/\/frogoodies.com\/wp-content\/uploads\/2024\/05\/3-724x1024-1.png 724w, https:\/\/frogoodies.com\/wp-content\/uploads\/2024\/05\/3-724x1024-1-430x608.png 430w, https:\/\/frogoodies.com\/wp-content\/uploads\/2024\/05\/3-724x1024-1-150x212.png 150w, https:\/\/frogoodies.com\/wp-content\/uploads\/2024\/05\/3-724x1024-1-700x990.png 700w, https:\/\/frogoodies.com\/wp-content\/uploads\/2024\/05\/3-724x1024-1-212x300.png 212w, https:\/\/frogoodies.com\/wp-content\/uploads\/2024\/05\/3-724x1024-1-566x800.png 566w\" sizes=\"auto, (max-width: 724px) 100vw, 724px\" \/>\t\t\t\t\t<\/div>\n\n\t\t\t\t\t\t<\/div>\n\t\t\t\t<\/div>\n\t\t\t\t<\/div>\n\t\t<div class=\"elementor-element elementor-element-149bda3 e-con-full e-flex e-con e-child\" data-id=\"149bda3\" data-element_type=\"container\" data-e-type=\"container\">\n\t\t\t\t<div class=\"elementor-element elementor-element-66cfaf4 elementor-widget elementor-widget-wd_image_or_svg\" data-id=\"66cfaf4\" data-element_type=\"widget\" data-e-type=\"widget\" data-widget_type=\"wd_image_or_svg.default\">\n\t\t\t\t<div class=\"elementor-widget-container\">\n\t\t\t\t\t\n\t\t<div class=\"wd-image text-center\">\n\t\t\t\t\t\t\t\t<img loading=\"lazy\" decoding=\"async\" width=\"724\" height=\"1024\" src=\"https:\/\/frogoodies.com\/wp-content\/uploads\/2024\/05\/4-724x1024-1.png\" class=\"attachment-full size-full\" alt=\"\" srcset=\"https:\/\/frogoodies.com\/wp-content\/uploads\/2024\/05\/4-724x1024-1.png 724w, https:\/\/frogoodies.com\/wp-content\/uploads\/2024\/05\/4-724x1024-1-430x608.png 430w, https:\/\/frogoodies.com\/wp-content\/uploads\/2024\/05\/4-724x1024-1-150x212.png 150w, https:\/\/frogoodies.com\/wp-content\/uploads\/2024\/05\/4-724x1024-1-700x990.png 700w, https:\/\/frogoodies.com\/wp-content\/uploads\/2024\/05\/4-724x1024-1-212x300.png 212w, https:\/\/frogoodies.com\/wp-content\/uploads\/2024\/05\/4-724x1024-1-566x800.png 566w\" sizes=\"auto, (max-width: 724px) 100vw, 724px\" \/>\t\t\t\t\t<\/div>\n\n\t\t\t\t\t\t<\/div>\n\t\t\t\t<\/div>\n\t\t\t\t<\/div>\n\t\t\t\t\t<\/div>\n\t\t\t\t<\/div>\n\t\t\t\t<\/div>","protected":false},"excerpt":{"rendered":"<p>Jobs openings \u201cJoin us embark on a rewarding journey. Explore exciting career opportunities, foster creativity, and make a positive impact<\/p>","protected":false},"author":4,"featured_media":0,"parent":0,"menu_order":0,"comment_status":"closed","ping_status":"closed","template":"elementor_header_footer","meta":{"_acf_changed":false,"footnotes":""},"class_list":["post-27623","page","type-page","status-publish","hentry"],"acf":[],"jetpack_sharing_enabled":true,"_links":{"self":[{"href":"https:\/\/frogoodies.com\/fr\/wp-json\/wp\/v2\/pages\/27623","targetHints":{"allow":["GET"]}}],"collection":[{"href":"https:\/\/frogoodies.com\/fr\/wp-json\/wp\/v2\/pages"}],"about":[{"href":"https:\/\/frogoodies.com\/fr\/wp-json\/wp\/v2\/types\/page"}],"author":[{"embeddable":true,"href":"https:\/\/frogoodies.com\/fr\/wp-json\/wp\/v2\/users\/4"}],"replies":[{"embeddable":true,"href":"https:\/\/frogoodies.com\/fr\/wp-json\/wp\/v2\/comments?post=27623"}],"version-history":[{"count":4,"href":"https:\/\/frogoodies.com\/fr\/wp-json\/wp\/v2\/pages\/27623\/revisions"}],"predecessor-version":[{"id":27633,"href":"https:\/\/frogoodies.com\/fr\/wp-json\/wp\/v2\/pages\/27623\/revisions\/27633"}],"wp:attachment":[{"href":"https:\/\/frogoodies.com\/fr\/wp-json\/wp\/v2\/media?parent=27623"}],"curies":[{"name":"wp","href":"https:\/\/api.w.org\/{rel}","templated":true}]}}