{"id":28146,"date":"2021-06-10T12:57:05","date_gmt":"2021-06-10T12:57:05","guid":{"rendered":"https:\/\/frogoodies.com\/?post_type=product&#038;p=28146"},"modified":"2025-12-14T16:46:26","modified_gmt":"2025-12-14T16:46:26","slug":"african-spiced-chicken","status":"publish","type":"product","link":"https:\/\/frogoodies.com\/de\/produkt\/african-spiced-chicken\/","title":{"rendered":"Gegrilltes H\u00e4hnchen"},"content":{"rendered":"","protected":false},"excerpt":{"rendered":"<p><strong><img loading=\"lazy\" decoding=\"async\" class=\"alignnone size-medium wp-image-1613\" src=\"https:\/\/frogoodies.com\/wp-content\/uploads\/2021\/08\/ROM-TYN-Logo-e1629230823761-300x119.png\" alt=\"\" width=\"300\" height=\"119\" \/><img loading=\"lazy\" decoding=\"async\" class=\"alignnone wp-image-27588\" src=\"https:\/\/frogoodies.com\/wp-content\/uploads\/2024\/05\/TYN-Logo.png\" alt=\"\" width=\"196\" height=\"64\" srcset=\"https:\/\/frogoodies.com\/wp-content\/uploads\/2024\/05\/TYN-Logo.png 375w, https:\/\/frogoodies.com\/wp-content\/uploads\/2024\/05\/TYN-Logo-150x49.png 150w\" sizes=\"auto, (max-width: 196px) 100vw, 196px\" \/><\/strong><\/p>\n<p><strong>Ingredients: <\/strong><span class=\"OYPEnA text-decoration-none text-strikethrough-none\">H\u00e4hnchen, \u00d6l, Afro Chicken Gew\u00fcrze, Knoblauch, Ingwer, schwarzer Pfeffer, Salz, Paprika, Gem\u00fcse und Pfeffersauce<\/span><\/p>\n<p>+\/- 550gr.<\/p>","protected":false},"featured_media":29322,"template":"","meta":{"_acf_changed":false},"product_brand":[],"product_cat":[148,149,151,152,153,154,155,137,138,139,187],"product_tag":[156],"class_list":{"0":"post-28146","1":"product","2":"type-product","3":"status-publish","4":"has-post-thumbnail","6":"product_cat-tiefkuhl","7":"product_cat-catering","8":"product_cat-nigeria","9":"product_cat-african-spices","10":"product_cat-ghana","11":"product_cat-grills","12":"product_cat-poultry","13":"product_cat-cameroon","14":"product_cat-cameroon-central-africa","15":"product_cat-soups-sauces","16":"product_cat-grill","17":"product_tag-spiced-charcoal-grilled-chicken-wings-and-veggies-hot-spicy-sauce","18":"product_shipping_class-standard","20":"first","21":"outofstock","22":"taxable","23":"shipping-taxable","24":"purchasable","25":"product-type-simple"},"acf":[],"jetpack_sharing_enabled":true,"_links":{"self":[{"href":"https:\/\/frogoodies.com\/de\/wp-json\/wp\/v2\/product\/28146","targetHints":{"allow":["GET"]}}],"collection":[{"href":"https:\/\/frogoodies.com\/de\/wp-json\/wp\/v2\/product"}],"about":[{"href":"https:\/\/frogoodies.com\/de\/wp-json\/wp\/v2\/types\/product"}],"version-history":[{"count":5,"href":"https:\/\/frogoodies.com\/de\/wp-json\/wp\/v2\/product\/28146\/revisions"}],"predecessor-version":[{"id":29956,"href":"https:\/\/frogoodies.com\/de\/wp-json\/wp\/v2\/product\/28146\/revisions\/29956"}],"wp:featuredmedia":[{"embeddable":true,"href":"https:\/\/frogoodies.com\/de\/wp-json\/wp\/v2\/media\/29322"}],"wp:attachment":[{"href":"https:\/\/frogoodies.com\/de\/wp-json\/wp\/v2\/media?parent=28146"}],"wp:term":[{"taxonomy":"product_brand","embeddable":true,"href":"https:\/\/frogoodies.com\/de\/wp-json\/wp\/v2\/product_brand?post=28146"},{"taxonomy":"product_cat","embeddable":true,"href":"https:\/\/frogoodies.com\/de\/wp-json\/wp\/v2\/product_cat?post=28146"},{"taxonomy":"product_tag","embeddable":true,"href":"https:\/\/frogoodies.com\/de\/wp-json\/wp\/v2\/product_tag?post=28146"}],"curies":[{"name":"wp","href":"https:\/\/api.w.org\/{rel}","templated":true}]}}