{"id":4400,"date":"2021-10-12T15:51:09","date_gmt":"2021-10-12T15:51:09","guid":{"rendered":"http:\/\/dummy.xtemos.com\/woodmart2\/elementor\/?page_id=4400"},"modified":"2026-04-17T14:02:04","modified_gmt":"2026-04-17T14:02:04","slug":"about-us","status":"publish","type":"page","link":"https:\/\/frogoodies.com\/de\/about-us\/","title":{"rendered":"\u00dcber uns"},"content":{"rendered":"<div data-elementor-type=\"wp-page\" data-elementor-id=\"4400\" class=\"elementor elementor-4400\" data-elementor-post-type=\"page\">\n\t\t\t\t<div class=\"wd-negative-gap elementor-element elementor-element-1c90c3f wd-section-stretch e-flex e-con-boxed e-con e-parent\" data-id=\"1c90c3f\" data-element_type=\"container\" data-e-type=\"container\" data-settings=\"{&quot;background_background&quot;:&quot;classic&quot;}\">\n\t\t\t\t\t<div class=\"e-con-inner\">\n\t\t\t\t<div class=\"elementor-element elementor-element-6effc94 elementor-widget elementor-widget-wd_button\" data-id=\"6effc94\" data-element_type=\"widget\" data-e-type=\"widget\" data-widget_type=\"wd_button.default\">\n\t\t\t\t<div class=\"elementor-widget-container\">\n\t\t\t\t\t\t\t<div class=\"wd-button-wrapper text-center\" >\n\t\t\t<a class=\"btn btn-style-default btn-shape-rectangle btn-size-default btn-icon-pos-right\"  href=\"https:\/\/frogoodies.com\/de\/shop\/\">\n\t\t\t\t<span class=\"wd-btn-text\" data-elementor-setting-key=\"text\">\n\t\t\t\t\tJetzt Bestellen\t\t\t\t<\/span>\n\n\t\t\t\t\t\t\t<\/a>\n\t\t<\/div>\n\t\t\t\t\t\t<\/div>\n\t\t\t\t<\/div>\n\t\t\t\t\t<\/div>\n\t\t\t\t<\/div>\n\t\t<div class=\"elementor-element elementor-element-85b0519 e-con-full e-flex e-con e-parent\" data-id=\"85b0519\" data-element_type=\"container\" data-e-type=\"container\">\n\t\t<div class=\"elementor-element elementor-element-a2fd178 e-con-full e-flex e-con e-child\" data-id=\"a2fd178\" data-element_type=\"container\" data-e-type=\"container\">\n\t\t\t\t<div class=\"elementor-element elementor-element-f6d7871 elementor-widget-mobile__width-inherit elementor-widget elementor-widget-wd_team_member\" data-id=\"f6d7871\" data-element_type=\"widget\" data-e-type=\"widget\" data-widget_type=\"wd_team_member.default\">\n\t\t\t\t<div class=\"elementor-widget-container\">\n\t\t\t\t\t\t\t<div class=\"team-member member-layout-default text-center\">\n\t\t\t\t\t\t\t<div class=\"member-image-wrapper\">\n\t\t\t\t\t<div class=\"member-image\">\n\t\t\t\t\t\t<img loading=\"lazy\" decoding=\"async\" width=\"295\" height=\"194\" src=\"https:\/\/frogoodies.com\/wp-content\/uploads\/2024\/05\/Bild3.png\" class=\"attachment-full size-full\" alt=\"\" srcset=\"https:\/\/frogoodies.com\/wp-content\/uploads\/2024\/05\/Bild3.png 295w, https:\/\/frogoodies.com\/wp-content\/uploads\/2024\/05\/Bild3-150x99.png 150w\" sizes=\"auto, (max-width: 295px) 100vw, 295px\" \/>\t\t\t\t\t<\/div>\n\t\t\t\t<\/div>\n\t\t\t\n\t\t\t<div class=\"member-details wd-set-mb reset-last-child\">\n\t\t\t\t\t\t\t\t\t<h4 class=\"member-name\">\n\t\t\t\t\t\t Plattform f\u00fcr kulinarische Vielfalt\t\t\t\t\t<\/h4>\n\t\t\t\t\n\t\t\t\t\n\t\t\t\t\t\t\t\t\t<div class=\"member-bio\">\n\t\t\t\t\t\tWir bieten eine vielf\u00e4ltige Auswahl an Gerichten aus der ganzen Welt und erleichtern so den Zugang zu verschiedenen kulinarischen Traditionen. Unter dem Motto \"Die Welt auf einem Tisch\" tr\u00e4gt FroGoodies dazu bei, die kulturelle Vielfalt zu feiern und zu bewahren.\t\t\t\t\t<\/div>\n\t\t\t\t\n\t\t\t\t\t\t\t<\/div>\n\t\t<\/div>\n\t\t\t\t\t\t<\/div>\n\t\t\t\t<\/div>\n\t\t\t\t<\/div>\n\t\t<div class=\"elementor-element elementor-element-4f91f7b e-con-full e-flex e-con e-child\" data-id=\"4f91f7b\" data-element_type=\"container\" data-e-type=\"container\">\n\t\t\t\t<div class=\"elementor-element elementor-element-a7c8a85 elementor-widget-mobile__width-inherit elementor-widget elementor-widget-wd_team_member\" data-id=\"a7c8a85\" data-element_type=\"widget\" data-e-type=\"widget\" data-widget_type=\"wd_team_member.default\">\n\t\t\t\t<div class=\"elementor-widget-container\">\n\t\t\t\t\t\t\t<div class=\"team-member member-layout-default text-center\">\n\t\t\t\t\t\t\t<div class=\"member-image-wrapper\">\n\t\t\t\t\t<div class=\"member-image\">\n\t\t\t\t\t\t<img loading=\"lazy\" decoding=\"async\" width=\"304\" height=\"205\" src=\"https:\/\/frogoodies.com\/wp-content\/uploads\/2024\/05\/Bild1.png\" class=\"attachment-full size-full\" alt=\"\" srcset=\"https:\/\/frogoodies.com\/wp-content\/uploads\/2024\/05\/Bild1.png 304w, https:\/\/frogoodies.com\/wp-content\/uploads\/2024\/05\/Bild1-150x101.png 150w\" sizes=\"auto, (max-width: 304px) 100vw, 304px\" \/>\t\t\t\t\t<\/div>\n\t\t\t\t<\/div>\n\t\t\t\n\t\t\t<div class=\"member-details wd-set-mb reset-last-child\">\n\t\t\t\t\t\t\t\t\t<h4 class=\"member-name\">\n\t\t\t\t\t\tIntegration von ausl\u00e4ndischen Gr\u00fcndern\t\t\t\t\t<\/h4>\n\t\t\t\t\n\t\t\t\t\n\t\t\t\t\t\t\t\t\t<div class=\"member-bio\">\n\t\t\t\t\t\tWir bieten eine vielf\u00e4ltige Auswahl an Gerichten aus der ganzen Welt und erleichtern so den Zugang zu verschiedenen kulinarischen Traditionen. Unter dem Motto \"Die Welt auf einem Tisch\" tr\u00e4gt FroGoodies dazu bei, die kulturelle Vielfalt zu feiern und zu bewahren.\t\t\t\t\t<\/div>\n\t\t\t\t\n\t\t\t\t\t\t\t<\/div>\n\t\t<\/div>\n\t\t\t\t\t\t<\/div>\n\t\t\t\t<\/div>\n\t\t\t\t<\/div>\n\t\t<div class=\"elementor-element elementor-element-54040d9 e-con-full e-flex e-con e-child\" data-id=\"54040d9\" data-element_type=\"container\" data-e-type=\"container\">\n\t\t\t\t<div class=\"elementor-element elementor-element-180708f elementor-widget-mobile__width-inherit elementor-widget elementor-widget-wd_team_member\" data-id=\"180708f\" data-element_type=\"widget\" data-e-type=\"widget\" data-widget_type=\"wd_team_member.default\">\n\t\t\t\t<div class=\"elementor-widget-container\">\n\t\t\t\t\t\t\t<div class=\"team-member member-layout-default text-center\">\n\t\t\t\t\t\t\t<div class=\"member-image-wrapper\">\n\t\t\t\t\t<div class=\"member-image\">\n\t\t\t\t\t\t<img loading=\"lazy\" decoding=\"async\" width=\"299\" height=\"206\" src=\"https:\/\/frogoodies.com\/wp-content\/uploads\/2024\/05\/Bild2-1.png\" class=\"attachment-full size-full\" alt=\"\" srcset=\"https:\/\/frogoodies.com\/wp-content\/uploads\/2024\/05\/Bild2-1.png 299w, https:\/\/frogoodies.com\/wp-content\/uploads\/2024\/05\/Bild2-1-150x103.png 150w\" sizes=\"auto, (max-width: 299px) 100vw, 299px\" \/>\t\t\t\t\t<\/div>\n\t\t\t\t<\/div>\n\t\t\t\n\t\t\t<div class=\"member-details wd-set-mb reset-last-child\">\n\t\t\t\t\t\t\t\t\t<h4 class=\"member-name\">\n\t\t\t\t\t\tKulinarisches Matchmaking\t\t\t\t\t<\/h4>\n\t\t\t\t\n\t\t\t\t\n\t\t\t\t\t\t\t\t\t<div class=\"member-bio\">\n\t\t\t\t\t\tWir schaffen einen Raum, in dem Menschen zusammenkommen, um Geschmackserlebnisse zu teilen und sich von anderen Kulturen inspirieren zu lassen. Die Plattform l\u00e4dt dazu ein, die Welt mit dem Gaumen zu erkunden und neue kulinarische Horizonte zu entdecken\t\t\t\t\t<\/div>\n\t\t\t\t\n\t\t\t\t\t\t\t<\/div>\n\t\t<\/div>\n\t\t\t\t\t\t<\/div>\n\t\t\t\t<\/div>\n\t\t\t\t<\/div>\n\t\t\t\t<\/div>\n\t\t<div class=\"wd-negative-gap elementor-element elementor-element-7c7c544 wd-section-stretch e-flex e-con-boxed e-con e-parent\" data-id=\"7c7c544\" data-element_type=\"container\" data-e-type=\"container\" data-settings=\"{&quot;background_background&quot;:&quot;classic&quot;}\">\n\t\t\t\t\t<div class=\"e-con-inner\">\n\t\t<div class=\"elementor-element elementor-element-e7cb5cd e-con-full e-flex e-con e-child\" data-id=\"e7cb5cd\" data-element_type=\"container\" data-e-type=\"container\">\n\t\t\t\t<div class=\"elementor-element elementor-element-56aec39 elementor-widget elementor-widget-wd_image_or_svg\" data-id=\"56aec39\" data-element_type=\"widget\" data-e-type=\"widget\" data-widget_type=\"wd_image_or_svg.default\">\n\t\t\t\t<div class=\"elementor-widget-container\">\n\t\t\t\t\t\n\t\t<div class=\"wd-image text-left\">\n\t\t\t\t\t\t\t\t<img loading=\"lazy\" decoding=\"async\" width=\"1536\" height=\"976\" src=\"https:\/\/frogoodies.com\/wp-content\/uploads\/2024\/05\/CHIN-CHIN-Croquettes1-1536x976-1.png\" class=\"attachment-full size-full\" alt=\"\" srcset=\"https:\/\/frogoodies.com\/wp-content\/uploads\/2024\/05\/CHIN-CHIN-Croquettes1-1536x976-1.png 1536w, https:\/\/frogoodies.com\/wp-content\/uploads\/2024\/05\/CHIN-CHIN-Croquettes1-1536x976-1-430x273.png 430w, https:\/\/frogoodies.com\/wp-content\/uploads\/2024\/05\/CHIN-CHIN-Croquettes1-1536x976-1-150x95.png 150w, https:\/\/frogoodies.com\/wp-content\/uploads\/2024\/05\/CHIN-CHIN-Croquettes1-1536x976-1-700x445.png 700w, https:\/\/frogoodies.com\/wp-content\/uploads\/2024\/05\/CHIN-CHIN-Croquettes1-1536x976-1-400x254.png 400w, https:\/\/frogoodies.com\/wp-content\/uploads\/2024\/05\/CHIN-CHIN-Croquettes1-1536x976-1-1259x800.png 1259w, https:\/\/frogoodies.com\/wp-content\/uploads\/2024\/05\/CHIN-CHIN-Croquettes1-1536x976-1-768x488.png 768w\" sizes=\"auto, (max-width: 1536px) 100vw, 1536px\" \/>\t\t\t\t\t<\/div>\n\n\t\t\t\t\t\t<\/div>\n\t\t\t\t<\/div>\n\t\t\t\t<\/div>\n\t\t<div class=\"elementor-element elementor-element-97d6084 e-con-full e-flex e-con e-child\" data-id=\"97d6084\" data-element_type=\"container\" data-e-type=\"container\">\n\t\t\t\t<div class=\"elementor-element elementor-element-98d830b elementor-widget__width-initial wd-width-100 elementor-widget elementor-widget-wd_title\" data-id=\"98d830b\" data-element_type=\"widget\" data-e-type=\"widget\" data-widget_type=\"wd_title.default\">\n\t\t\t\t<div class=\"elementor-widget-container\">\n\t\t\t\t\t\t\t<div class=\"title-wrapper wd-set-mb reset-last-child wd-title-color-primary wd-title-style-default wd-title-size-large text-left\">\n\n\t\t\t\n\t\t\t<div class=\"liner-continer\">\n\t\t\t\t<h4 class=\"woodmart-title-container title wd-fontsize-xxl\">Nachhaltigkeit ist der Kern unserer Werte.\t<\/h4> \n\t\t\t\t\t\t\t<\/div>\n\n\t\t\t\t\t\t\t<div class=\"title-after_title reset-last-child wd-fontsize-s\">\n\t\t\t\t\t<p>Durch Gro\u00dfeink\u00e4ufe und die gemeinsame Nutzung von Ressourcen mit all unseren Partnern erreichen wir eine h\u00f6here Kosteneffizienz und eine deutliche Reduzierung des Abfalls.<\/p><p>Unsere gemeinsame Lieferkette und die Nutzung der Infrastruktur f\u00fchren auch zu einem geringeren Energie- und Kraftstoffverbrauch und tragen so zu einer gr\u00fcneren Zukunft bei.<\/p><p>Wir bevorzugen umweltfreundliche Verpackungs- und Isoliermaterialien, wie z. B. Aluminiumfolie, die in Deutschland verantwortungsvoll entsorgt werden kann.<\/p><p>Wir f\u00f6rdern die Nachhaltigkeit durch unsere wiederverwendbaren Beh\u00e4lter und ermutigen unsere Kunden, diese gegen Erstattung des Kaufpreises zur\u00fcckzugeben, wodurch wir den Plastikm\u00fcll effektiv reduzieren.<\/p>\t\t\t\t<\/div>\n\t\t\t\t\t<\/div>\n\t\t\t\t\t\t<\/div>\n\t\t\t\t<\/div>\n\t\t\t\t<\/div>\n\t\t\t\t\t<\/div>\n\t\t\t\t<\/div>\n\t\t<div class=\"wd-negative-gap elementor-element elementor-element-041b6fc e-flex e-con-boxed e-con e-parent\" data-id=\"041b6fc\" data-element_type=\"container\" data-e-type=\"container\">\n\t\t\t\t\t<div class=\"e-con-inner\">\n\t\t\t\t<div class=\"elementor-element elementor-element-3ecc686 elementor-widget elementor-widget-image\" data-id=\"3ecc686\" data-element_type=\"widget\" data-e-type=\"widget\" data-widget_type=\"image.default\">\n\t\t\t\t<div class=\"elementor-widget-container\">\n\t\t\t\t\t\t\t\t\t\t\t\t\t\t\t<img loading=\"lazy\" decoding=\"async\" width=\"1024\" height=\"768\" src=\"https:\/\/frogoodies.com\/wp-content\/uploads\/2024\/09\/Englisch-Englisch-Englisch-1.webp\" class=\"attachment-large size-large wp-image-29667\" alt=\"\" srcset=\"https:\/\/frogoodies.com\/wp-content\/uploads\/2024\/09\/Englisch-Englisch-Englisch-1.webp 1024w, https:\/\/frogoodies.com\/wp-content\/uploads\/2024\/09\/Englisch-Englisch-Englisch-1-430x323.webp 430w, https:\/\/frogoodies.com\/wp-content\/uploads\/2024\/09\/Englisch-Englisch-Englisch-1-150x113.webp 150w, https:\/\/frogoodies.com\/wp-content\/uploads\/2024\/09\/Englisch-Englisch-Englisch-1-700x525.webp 700w, https:\/\/frogoodies.com\/wp-content\/uploads\/2024\/09\/Englisch-Englisch-Englisch-1-400x300.webp 400w, https:\/\/frogoodies.com\/wp-content\/uploads\/2024\/09\/Englisch-Englisch-Englisch-1-768x576.webp 768w, https:\/\/frogoodies.com\/wp-content\/uploads\/2024\/09\/Englisch-Englisch-Englisch-1-16x12.webp 16w\" sizes=\"auto, (max-width: 1024px) 100vw, 1024px\" \/>\t\t\t\t\t\t\t\t\t\t\t\t\t\t\t<\/div>\n\t\t\t\t<\/div>\n\t\t\t\t\t<\/div>\n\t\t\t\t<\/div>\n\t\t<div class=\"wd-negative-gap elementor-element elementor-element-946c193 e-flex e-con-boxed e-con e-parent\" data-id=\"946c193\" data-element_type=\"container\" data-e-type=\"container\">\n\t\t\t\t\t<div class=\"e-con-inner\">\n\t\t<div class=\"elementor-element elementor-element-1542880 e-con-full e-flex e-con e-child\" data-id=\"1542880\" data-element_type=\"container\" data-e-type=\"container\">\n\t\t\t\t<div class=\"elementor-element elementor-element-0fb1617 wd-width-100 elementor-widget elementor-widget-wd_title\" data-id=\"0fb1617\" data-element_type=\"widget\" data-e-type=\"widget\" data-widget_type=\"wd_title.default\">\n\t\t\t\t<div class=\"elementor-widget-container\">\n\t\t\t\t\t\t\t<div class=\"title-wrapper wd-set-mb reset-last-child wd-title-color-default wd-title-style-default wd-title-size-large text-left\">\n\n\t\t\t\n\t\t\t<div class=\"liner-continer\">\n\t\t\t\t<h4 class=\"woodmart-title-container title wd-fontsize-xxl\">Featured<br \/>\nBrands:<br \/>\n<\/h4> \n\t\t\t\t\t\t\t<\/div>\n\n\t\t\t\t\t<\/div>\n\t\t\t\t\t\t<\/div>\n\t\t\t\t<\/div>\n\t\t\t\t<\/div>\n\t\t<div class=\"elementor-element elementor-element-2fec73e e-con-full e-flex e-con e-child\" data-id=\"2fec73e\" data-element_type=\"container\" data-e-type=\"container\">\n\t\t\t\t<div class=\"elementor-element elementor-element-d1afc26 wd-width-100 elementor-widget elementor-widget-wd_images_gallery\" data-id=\"d1afc26\" data-element_type=\"widget\" data-e-type=\"widget\" data-widget_type=\"wd_images_gallery.default\">\n\t\t\t\t<div class=\"elementor-widget-container\">\n\t\t\t\t\t\t\t<div class=\"wd-images-gallery photoswipe-images\" style=\"--wd-align-items:center; --wd-justify-content:center;\">\n\t\t\t\t\t\t<div class=\"wd-grid-g\" style=\"--wd-col-lg:6;--wd-col-md:4;--wd-col-sm:3;--wd-gap-lg:10px;\" >\n\t\t\t\t\t\t\t\t\t\t\t\t\t\t\t\t\t\t<div class=\"wd-gallery-item wd-col\">\n\t\t\t\t\t\t\t\t\t\t\t\t\t<a  href=\"https:\/\/frogoodies.com\/wp-content\/uploads\/2024\/05\/Lefombos-by-Laura_Logo-12-e1642709320232-1024x935-1.png\" data-width=\"1024\" data-height=\"935\" data-index=\"1\" data-elementor-open-lightbox=\"no\">\n\t\t\t\t\t\t\n\t\t\t\t\t\t<img loading=\"lazy\" decoding=\"async\" width=\"1024\" height=\"935\" src=\"https:\/\/frogoodies.com\/wp-content\/uploads\/2024\/05\/Lefombos-by-Laura_Logo-12-e1642709320232-1024x935-1.png\" class=\"attachment-full size-full\" alt=\"Lefombos-by-Laura_Logo-12-e1642709320232-1024x935\" srcset=\"https:\/\/frogoodies.com\/wp-content\/uploads\/2024\/05\/Lefombos-by-Laura_Logo-12-e1642709320232-1024x935-1.png 1024w, https:\/\/frogoodies.com\/wp-content\/uploads\/2024\/05\/Lefombos-by-Laura_Logo-12-e1642709320232-1024x935-1-430x393.png 430w, https:\/\/frogoodies.com\/wp-content\/uploads\/2024\/05\/Lefombos-by-Laura_Logo-12-e1642709320232-1024x935-1-150x137.png 150w, https:\/\/frogoodies.com\/wp-content\/uploads\/2024\/05\/Lefombos-by-Laura_Logo-12-e1642709320232-1024x935-1-700x639.png 700w, https:\/\/frogoodies.com\/wp-content\/uploads\/2024\/05\/Lefombos-by-Laura_Logo-12-e1642709320232-1024x935-1-329x300.png 329w, https:\/\/frogoodies.com\/wp-content\/uploads\/2024\/05\/Lefombos-by-Laura_Logo-12-e1642709320232-1024x935-1-876x800.png 876w, https:\/\/frogoodies.com\/wp-content\/uploads\/2024\/05\/Lefombos-by-Laura_Logo-12-e1642709320232-1024x935-1-768x701.png 768w\" sizes=\"auto, (max-width: 1024px) 100vw, 1024px\" \/>\n\t\t\t\t\t\t\t\t\t\t\t\t\t<\/a>\n\t\t\t\t\t\t\t\t\t\t\t<\/div>\n\t\t\t\t\t\t\t\t\t\t\t\t\t\t\t<div class=\"wd-gallery-item wd-col\">\n\t\t\t\t\t\t\t\t\t\t\t\t\t<a  href=\"https:\/\/frogoodies.com\/wp-content\/uploads\/2024\/05\/Corine-Flyer.jpeg\" data-width=\"723\" data-height=\"433\" data-index=\"2\" data-elementor-open-lightbox=\"no\">\n\t\t\t\t\t\t\n\t\t\t\t\t\t<img loading=\"lazy\" decoding=\"async\" width=\"723\" height=\"433\" src=\"https:\/\/frogoodies.com\/wp-content\/uploads\/2024\/05\/Corine-Flyer.jpeg\" class=\"attachment-full size-full\" alt=\"Corine-Flyer\" srcset=\"https:\/\/frogoodies.com\/wp-content\/uploads\/2024\/05\/Corine-Flyer.jpeg 723w, https:\/\/frogoodies.com\/wp-content\/uploads\/2024\/05\/Corine-Flyer-430x258.jpeg 430w, https:\/\/frogoodies.com\/wp-content\/uploads\/2024\/05\/Corine-Flyer-150x90.jpeg 150w, https:\/\/frogoodies.com\/wp-content\/uploads\/2024\/05\/Corine-Flyer-700x419.jpeg 700w, https:\/\/frogoodies.com\/wp-content\/uploads\/2024\/05\/Corine-Flyer-400x240.jpeg 400w\" sizes=\"auto, (max-width: 723px) 100vw, 723px\" \/>\n\t\t\t\t\t\t\t\t\t\t\t\t\t<\/a>\n\t\t\t\t\t\t\t\t\t\t\t<\/div>\n\t\t\t\t\t\t\t\t\t\t\t\t\t\t\t<div class=\"wd-gallery-item wd-col\">\n\t\t\t\t\t\t\t\t\t\t\t\t\t<a  href=\"https:\/\/frogoodies.com\/wp-content\/uploads\/2024\/05\/23qr4.png\" data-width=\"500\" data-height=\"500\" data-index=\"3\" data-elementor-open-lightbox=\"no\">\n\t\t\t\t\t\t\n\t\t\t\t\t\t<img loading=\"lazy\" decoding=\"async\" width=\"500\" height=\"500\" src=\"https:\/\/frogoodies.com\/wp-content\/uploads\/2024\/05\/23qr4.png\" class=\"attachment-full size-full\" alt=\"23qr4\" srcset=\"https:\/\/frogoodies.com\/wp-content\/uploads\/2024\/05\/23qr4.png 500w, https:\/\/frogoodies.com\/wp-content\/uploads\/2024\/05\/23qr4-430x430.png 430w, https:\/\/frogoodies.com\/wp-content\/uploads\/2024\/05\/23qr4-150x150.png 150w, https:\/\/frogoodies.com\/wp-content\/uploads\/2024\/05\/23qr4-300x300.png 300w\" sizes=\"auto, (max-width: 500px) 100vw, 500px\" \/>\n\t\t\t\t\t\t\t\t\t\t\t\t\t<\/a>\n\t\t\t\t\t\t\t\t\t\t\t<\/div>\n\t\t\t\t\t\t\t\t\t\t\t\t\t\t\t<div class=\"wd-gallery-item wd-col\">\n\t\t\t\t\t\t\t\t\t\t\t\t\t<a  href=\"https:\/\/frogoodies.com\/wp-content\/uploads\/2024\/05\/Logo-Mommys-Yummies-1024x1024-1.jpg\" data-width=\"1024\" data-height=\"1024\" data-index=\"4\" data-elementor-open-lightbox=\"no\">\n\t\t\t\t\t\t\n\t\t\t\t\t\t<img loading=\"lazy\" decoding=\"async\" width=\"1024\" height=\"1024\" src=\"https:\/\/frogoodies.com\/wp-content\/uploads\/2024\/05\/Logo-Mommys-Yummies-1024x1024-1.jpg\" class=\"attachment-full size-full\" alt=\"Logo-Mommys-Yummies-1024x1024\" srcset=\"https:\/\/frogoodies.com\/wp-content\/uploads\/2024\/05\/Logo-Mommys-Yummies-1024x1024-1.jpg 1024w, https:\/\/frogoodies.com\/wp-content\/uploads\/2024\/05\/Logo-Mommys-Yummies-1024x1024-1-430x430.jpg 430w, https:\/\/frogoodies.com\/wp-content\/uploads\/2024\/05\/Logo-Mommys-Yummies-1024x1024-1-150x150.jpg 150w, https:\/\/frogoodies.com\/wp-content\/uploads\/2024\/05\/Logo-Mommys-Yummies-1024x1024-1-700x700.jpg 700w, https:\/\/frogoodies.com\/wp-content\/uploads\/2024\/05\/Logo-Mommys-Yummies-1024x1024-1-300x300.jpg 300w, https:\/\/frogoodies.com\/wp-content\/uploads\/2024\/05\/Logo-Mommys-Yummies-1024x1024-1-800x800.jpg 800w, https:\/\/frogoodies.com\/wp-content\/uploads\/2024\/05\/Logo-Mommys-Yummies-1024x1024-1-768x768.jpg 768w\" sizes=\"auto, (max-width: 1024px) 100vw, 1024px\" \/>\n\t\t\t\t\t\t\t\t\t\t\t\t\t<\/a>\n\t\t\t\t\t\t\t\t\t\t\t<\/div>\n\t\t\t\t\t\t\t\t\t\t\t\t\t\t\t<div class=\"wd-gallery-item wd-col\">\n\t\t\t\t\t\t\t\t\t\t\t\t\t<a  href=\"https:\/\/frogoodies.com\/wp-content\/uploads\/2024\/05\/TYN-Logo.png\" data-width=\"375\" data-height=\"123\" data-index=\"5\" data-elementor-open-lightbox=\"no\">\n\t\t\t\t\t\t\n\t\t\t\t\t\t<img loading=\"lazy\" decoding=\"async\" width=\"375\" height=\"123\" src=\"https:\/\/frogoodies.com\/wp-content\/uploads\/2024\/05\/TYN-Logo.png\" class=\"attachment-full size-full\" alt=\"TYN-Logo\" srcset=\"https:\/\/frogoodies.com\/wp-content\/uploads\/2024\/05\/TYN-Logo.png 375w, https:\/\/frogoodies.com\/wp-content\/uploads\/2024\/05\/TYN-Logo-150x49.png 150w\" sizes=\"auto, (max-width: 375px) 100vw, 375px\" \/>\n\t\t\t\t\t\t\t\t\t\t\t\t\t<\/a>\n\t\t\t\t\t\t\t\t\t\t\t<\/div>\n\t\t\t\t\t\t\t\t\t\t\t\t\t\t\t<div class=\"wd-gallery-item wd-col\">\n\t\t\t\t\t\t\t\t\t\t\t\t\t<a  href=\"https:\/\/frogoodies.com\/wp-content\/uploads\/2024\/05\/Nanis-Cuisine-1024x1018-1.jpg\" data-width=\"1024\" data-height=\"1018\" data-index=\"6\" data-elementor-open-lightbox=\"no\">\n\t\t\t\t\t\t\n\t\t\t\t\t\t<img loading=\"lazy\" decoding=\"async\" width=\"1024\" height=\"1018\" src=\"https:\/\/frogoodies.com\/wp-content\/uploads\/2024\/05\/Nanis-Cuisine-1024x1018-1.jpg\" class=\"attachment-full size-full\" alt=\"Nanis-Cuisine-1024x1018\" srcset=\"https:\/\/frogoodies.com\/wp-content\/uploads\/2024\/05\/Nanis-Cuisine-1024x1018-1.jpg 1024w, https:\/\/frogoodies.com\/wp-content\/uploads\/2024\/05\/Nanis-Cuisine-1024x1018-1-430x427.jpg 430w, https:\/\/frogoodies.com\/wp-content\/uploads\/2024\/05\/Nanis-Cuisine-1024x1018-1-150x150.jpg 150w, https:\/\/frogoodies.com\/wp-content\/uploads\/2024\/05\/Nanis-Cuisine-1024x1018-1-700x696.jpg 700w, https:\/\/frogoodies.com\/wp-content\/uploads\/2024\/05\/Nanis-Cuisine-1024x1018-1-302x300.jpg 302w, https:\/\/frogoodies.com\/wp-content\/uploads\/2024\/05\/Nanis-Cuisine-1024x1018-1-805x800.jpg 805w, https:\/\/frogoodies.com\/wp-content\/uploads\/2024\/05\/Nanis-Cuisine-1024x1018-1-768x764.jpg 768w\" sizes=\"auto, (max-width: 1024px) 100vw, 1024px\" \/>\n\t\t\t\t\t\t\t\t\t\t\t\t\t<\/a>\n\t\t\t\t\t\t\t\t\t\t\t<\/div>\n\t\t\t\t\t\t\t\t\t\t\t\t\t<\/div>\n\t\t\t\t\t<\/div>\n\t\t\t\t\t\t<\/div>\n\t\t\t\t<\/div>\n\t\t\t\t<\/div>\n\t\t\t\t\t<\/div>\n\t\t\t\t<\/div>\n\t\t\t\t<\/div>","protected":false},"excerpt":{"rendered":"<p>Order Now Platform for Culinary Diversity We offer a diverse selection of dishes from around the world, making it easier<\/p>","protected":false},"author":4,"featured_media":0,"parent":0,"menu_order":0,"comment_status":"closed","ping_status":"closed","template":"","meta":{"_acf_changed":false,"footnotes":""},"class_list":["post-4400","page","type-page","status-publish","hentry"],"acf":[],"jetpack_sharing_enabled":true,"_links":{"self":[{"href":"https:\/\/frogoodies.com\/de\/wp-json\/wp\/v2\/pages\/4400","targetHints":{"allow":["GET"]}}],"collection":[{"href":"https:\/\/frogoodies.com\/de\/wp-json\/wp\/v2\/pages"}],"about":[{"href":"https:\/\/frogoodies.com\/de\/wp-json\/wp\/v2\/types\/page"}],"author":[{"embeddable":true,"href":"https:\/\/frogoodies.com\/de\/wp-json\/wp\/v2\/users\/4"}],"replies":[{"embeddable":true,"href":"https:\/\/frogoodies.com\/de\/wp-json\/wp\/v2\/comments?post=4400"}],"version-history":[{"count":16,"href":"https:\/\/frogoodies.com\/de\/wp-json\/wp\/v2\/pages\/4400\/revisions"}],"predecessor-version":[{"id":30403,"href":"https:\/\/frogoodies.com\/de\/wp-json\/wp\/v2\/pages\/4400\/revisions\/30403"}],"wp:attachment":[{"href":"https:\/\/frogoodies.com\/de\/wp-json\/wp\/v2\/media?parent=4400"}],"curies":[{"name":"wp","href":"https:\/\/api.w.org\/{rel}","templated":true}]}}