{"id":3,"date":"2024-05-17T16:37:11","date_gmt":"2024-05-17T16:37:11","guid":{"rendered":"https:\/\/frogoodies.com\/?page_id=3"},"modified":"2026-04-17T14:12:27","modified_gmt":"2026-04-17T14:12:27","slug":"privacy-policy","status":"publish","type":"page","link":"https:\/\/frogoodies.com\/de\/privacy-policy\/","title":{"rendered":"Datenschutzerkl\u00e4rung"},"content":{"rendered":"<h4 class=\"wp-block-heading\">1. <strong>Einf\u00fchrung<\/strong><\/h4>\n\n\n\n<p>Willkommen bei FroGoodies! Der Schutz Ihrer pers\u00f6nlichen Daten ist f\u00fcr uns sehr wichtig. Diese Datenschutzerkl\u00e4rung erkl\u00e4rt, welche pers\u00f6nlichen Daten wir sammeln, wie wir sie verwenden und welche Rechte Sie in Bezug auf Ihre Daten haben. Diese Richtlinie gilt f\u00fcr alle von FroGoodies angebotenen Dienstleistungen.<\/p>\n\n\n\n<h4 class=\"wp-block-heading\">2. <strong>Datenkontrolleur<\/strong><\/h4>\n\n\n\n<p>Der f\u00fcr die Datenverarbeitung Verantwortliche im Sinne der Datenschutzgesetze, insbesondere der EU-Datenschutzgrundverordnung (GDPR), ist:<\/p>\n\n\n\n<p><strong>FroGoodies GmbH<\/strong><br>Mainzer Stra\u00dfe 21<br>64572 B\u00fcttelborn<br>Germany<br>E-Mail: info@frogoodies.de<br>Telefon: +49 (0) 15754056480<\/p>\n\n\n\n<h4 class=\"wp-block-heading\">3. <strong>Erhebung und Speicherung von personenbezogenen Daten<\/strong><\/h4>\n\n\n\n<p>Wir erheben und verarbeiten personenbezogene Daten nur im Rahmen der gesetzlichen Bestimmungen oder mit Ihrer Zustimmung. Zu den personenbezogenen Daten geh\u00f6ren:<\/p>\n\n\n\n<ul class=\"wp-block-list\">\n<li><strong>Kontaktinformationen<\/strong> (z. B. Name, Anschrift, E-Mail-Adresse, Telefonnummer)<\/li>\n\n\n\n<li><strong>Zahlungsinformationen<\/strong> (z. B. Bankkontodaten, Kreditkarteninformationen)<\/li>\n\n\n\n<li><strong>Verwendungsdaten<\/strong> (z. B. besuchte Seiten auf unserer Website, Interesse an unseren Produkten)<\/li>\n\n\n\n<li><strong>Vertragsdaten<\/strong> (z. B. Kaufvertr\u00e4ge, Produktangaben)<\/li>\n<\/ul>\n\n\n\n<h4 class=\"wp-block-heading\">4. <strong>Zwecke der Datenverarbeitung<\/strong><\/h4>\n\n\n\n<p>Ihre Daten werden zu den folgenden Zwecken verarbeitet:<\/p>\n\n\n\n<ul class=\"wp-block-list\">\n<li>Zur Erf\u00fcllung unserer vertraglichen Verpflichtungen<\/li>\n\n\n\n<li>Zur Bearbeitung Ihrer Anfragen<\/li>\n\n\n\n<li>Zur Optimierung unserer Website und unserer Angebote<\/li>\n\n\n\n<li>zur Durchf\u00fchrung von Marketingaktivit\u00e4ten, sofern Sie Ihre Zustimmung gegeben haben<\/li>\n\n\n\n<li>Zur Erf\u00fcllung gesetzlicher Verpflichtungen<\/li>\n<\/ul>\n\n\n\n<h4 class=\"wp-block-heading\">5. <strong>Rechtsgrundlagen f\u00fcr die Datenverarbeitung<\/strong><\/h4>\n\n\n\n<p>Die Verarbeitung Ihrer personenbezogenen Daten st\u00fctzt sich auf die folgenden Rechtsgrundlagen:<\/p>\n\n\n\n<ul class=\"wp-block-list\">\n<li>Artikel 6(1)(b) GDPR zur Erf\u00fcllung eines Vertrags oder vorvertraglicher Ma\u00dfnahmen<\/li>\n\n\n\n<li>Artikel 6 Absatz 1 Buchstabe a GDPR auf der Grundlage Ihrer Einwilligung<\/li>\n\n\n\n<li>Artikel 6 Absatz 1 Buchstabe c) GDPR zur Erf\u00fcllung einer rechtlichen Verpflichtung<\/li>\n\n\n\n<li>Artikel 6(1)(f) GDPR auf der Grundlage unserer berechtigten Interessen<\/li>\n<\/ul>\n\n\n\n<h4 class=\"wp-block-heading\">6. <strong>Verwendung von Google Analytics und Meta (Facebook) Pixel<\/strong><\/h4>\n\n\n\n<p><strong>Google Analytics:<\/strong><br>Wir verwenden Google Analytics, einen Webanalysedienst der Google LLC. Google Analytics verwendet Cookies, die uns helfen zu analysieren, wie Sie unsere Website nutzen. Die durch den Cookie erzeugten Informationen \u00fcber Ihre Benutzung dieser Website werden in der Regel an einen Server von Google in den USA \u00fcbertragen und dort gespeichert. Aufgrund der IP-Anonymisierung wird Ihre IP-Adresse von Google jedoch innerhalb von Mitgliedstaaten der Europ\u00e4ischen Union oder in anderen Vertragsstaaten des Abkommens \u00fcber den Europ\u00e4ischen Wirtschaftsraum vor der \u00dcbertragung gek\u00fcrzt. Nur in Ausnahmef\u00e4llen wird die volle IP-Adresse an einen Server von Google in den USA \u00fcbertragen und dort gek\u00fcrzt.<\/p>\n\n\n\n<p>Die erhobenen Daten werden verwendet, um Ihre Nutzung der Website auszuwerten, um Berichte \u00fcber die Website-Aktivit\u00e4ten zu erstellen und um weitere mit der Website- und Internetnutzung verbundene Dienstleistungen zu erbringen. Sie k\u00f6nnen die Speicherung der Cookies durch eine entsprechende Einstellung Ihrer Browser-Software verhindern oder die Erfassung der Daten durch Google Analytics verhindern, indem Sie das Browser-Add-on f\u00fcr Google Analytics Opt-Out installieren.<\/p>\n\n\n\n<p><strong>Meta (Facebook) Pixel:<\/strong><br>Unsere Website verwendet den Meta (Facebook) Pixel, einen Dienst, der von Meta Platforms Ireland Ltd. (ehemals Facebook, Inc.). Das Meta Pixel erm\u00f6glicht es uns, den Besuchern unserer Website auf Facebook und innerhalb des Meta-Werbenetzwerks personalisierte Werbung zu zeigen. Dadurch wird sichergestellt, dass die Ihnen angezeigten Anzeigen Ihren Interessen entsprechen. Die gesammelten Daten werden f\u00fcr uns anonymisiert und erlauben es uns nicht, einzelne Nutzer zu identifizieren. Meta kann die Daten jedoch speichern und verarbeiten, so dass eine Verbindung zu Ihrem Benutzerprofil hergestellt werden kann, und Meta kann die Daten f\u00fcr eigene Werbezwecke in \u00dcbereinstimmung mit der Datenrichtlinie von Meta verwenden.<\/p>\n\n\n\n<p>Sie k\u00f6nnen die Erfassung von Meta Pixel-Daten und die Verwendung Ihrer Daten zur Schaltung von Facebook-Werbeanzeigen jederzeit deaktivieren, indem Sie die Einstellungen Ihres Facebook-Kontos anpassen.<\/p>\n\n\n\n<h4 class=\"wp-block-heading\">7. <strong>Weitergabe von Daten an Dritte<\/strong><\/h4>\n\n\n\n<p>Wir geben Ihre Daten nur dann an Dritte weiter, wenn dies gesetzlich erlaubt ist oder Sie Ihre Einwilligung gegeben haben. M\u00f6gliche Empf\u00e4nger sind:<\/p>\n\n\n\n<ul class=\"wp-block-list\">\n<li>Versanddienstleister f\u00fcr die Lieferung von Waren<\/li>\n\n\n\n<li>Zahlungsdienstleister f\u00fcr die Abwicklung von Zahlungen<\/li>\n\n\n\n<li>IT-Dienstleister f\u00fcr die Wartung unserer Systeme<\/li>\n\n\n\n<li>Gesetzlich vorgeschriebene Beh\u00f6rden<\/li>\n\n\n\n<li>Google und Meta f\u00fcr die oben erw\u00e4hnten Tracking- und Werbema\u00dfnahmen<\/li>\n<\/ul>\n\n\n\n<h4 class=\"wp-block-heading\">8. <strong>Daten\u00fcbermittlung an Drittl\u00e4nder<\/strong><\/h4>\n\n\n\n<p>Ihre personenbezogenen Daten werden nur dann in L\u00e4nder au\u00dferhalb der Europ\u00e4ischen Union \u00fcbermittelt, wenn dies zur Vertragserf\u00fcllung erforderlich ist, Sie eingewilligt haben oder f\u00fcr die Nutzung von Diensten wie Google Analytics und Meta Pixel, die ihren Sitz in den Vereinigten Staaten haben. Wir stellen angemessene Datenschutzstandards sicher, insbesondere durch den Abschluss von Standardvertragsklauseln mit diesen Anbietern.<\/p>\n\n\n\n<h4 class=\"wp-block-heading\">9. <strong>Lagerzeit<\/strong><\/h4>\n\n\n\n<p>Ihre Daten werden nur so lange gespeichert, wie es zur Erf\u00fcllung der oben genannten Zwecke erforderlich ist oder wie es das Gesetz verlangt. Danach werden die Daten gel\u00f6scht oder anonymisiert.<\/p>\n\n\n\n<h4 class=\"wp-block-heading\">10. <strong>Ihre Rechte<\/strong><\/h4>\n\n\n\n<p>Sie haben das Recht dazu:<\/p>\n\n\n\n<ul class=\"wp-block-list\">\n<li>Zugang zu den personenbezogenen Daten, die wir \u00fcber Sie verarbeiten, zu beantragen (Art. 15 GDPR)<\/li>\n\n\n\n<li>die Berichtigung unrichtiger oder unvollst\u00e4ndiger Daten zu verlangen (Art. 16 GDPR)<\/li>\n\n\n\n<li>die L\u00f6schung Ihrer personenbezogenen Daten zu verlangen (Art. 17 GDPR)<\/li>\n\n\n\n<li>die Einschr\u00e4nkung der Datenverarbeitung zu verlangen (Art. 18 GDPR)<\/li>\n\n\n\n<li>Widerspruch gegen die Verarbeitung Ihrer Daten (Art. 21 GDPR)<\/li>\n\n\n\n<li>Ihre Einwilligung zur Datenverarbeitung jederzeit zu widerrufen (Art. 7(3) GDPR)<\/li>\n\n\n\n<li>Antrag auf Daten\u00fcbertragbarkeit (Art. 20 GDPR)<\/li>\n\n\n\n<li>Einreichen einer Beschwerde bei einer Aufsichtsbeh\u00f6rde (Art. 77 GDPR)<\/li>\n<\/ul>\n\n\n\n<h4 class=\"wp-block-heading\">11. <strong>Cookies und Tracking-Technologien<\/strong><\/h4>\n\n\n\n<p>Unsere Website verwendet Cookies und \u00e4hnliche Technologien, um die Nutzung der Website zu analysieren und unsere Dienste zu verbessern. Dazu geh\u00f6ren auch Cookies von Drittanbietern wie Google und Meta, die Informationen \u00fcber Ihre Nutzung unserer Website sammeln und verarbeiten. Sie k\u00f6nnen Ihre Zustimmung zur Verwendung von Cookies jederzeit widerrufen oder deren Speicherung \u00fcber Ihre Browsereinstellungen verhindern.<\/p>\n\n\n\n<h4 class=\"wp-block-heading\">12. <strong>\u00c4nderungen an dieser Datenschutzrichtlinie<\/strong><\/h4>\n\n\n\n<p>Wir behalten uns das Recht vor, diese Datenschutzrichtlinie bei Bedarf zu aktualisieren. Die aktuelle Version kann jederzeit auf unserer Website eingesehen werden.<\/p>\n\n\n\n<h4 class=\"wp-block-heading\">13. <strong>Kontakt<\/strong><\/h4>\n\n\n\n<p>Wenn Sie Fragen zu dieser Datenschutzerkl\u00e4rung oder zur Verarbeitung Ihrer pers\u00f6nlichen Daten haben, k\u00f6nnen Sie sich unter der oben genannten Adresse oder per E-Mail an uns wenden.<\/p>\n\n\n\n<hr class=\"wp-block-separator has-alpha-channel-opacity\"\/>","protected":false},"excerpt":{"rendered":"<p>1. Introduction Welcome to FroGoodies! Protecting your personal data is very important to us. This privacy policy explains what personal<\/p>","protected":false},"author":4,"featured_media":0,"parent":0,"menu_order":0,"comment_status":"closed","ping_status":"open","template":"elementor_header_footer","meta":{"_acf_changed":false,"footnotes":""},"class_list":["post-3","page","type-page","status-publish","hentry"],"acf":[],"jetpack_sharing_enabled":true,"_links":{"self":[{"href":"https:\/\/frogoodies.com\/de\/wp-json\/wp\/v2\/pages\/3","targetHints":{"allow":["GET"]}}],"collection":[{"href":"https:\/\/frogoodies.com\/de\/wp-json\/wp\/v2\/pages"}],"about":[{"href":"https:\/\/frogoodies.com\/de\/wp-json\/wp\/v2\/types\/page"}],"author":[{"embeddable":true,"href":"https:\/\/frogoodies.com\/de\/wp-json\/wp\/v2\/users\/4"}],"replies":[{"embeddable":true,"href":"https:\/\/frogoodies.com\/de\/wp-json\/wp\/v2\/comments?post=3"}],"version-history":[{"count":1,"href":"https:\/\/frogoodies.com\/de\/wp-json\/wp\/v2\/pages\/3\/revisions"}],"predecessor-version":[{"id":29426,"href":"https:\/\/frogoodies.com\/de\/wp-json\/wp\/v2\/pages\/3\/revisions\/29426"}],"wp:attachment":[{"href":"https:\/\/frogoodies.com\/de\/wp-json\/wp\/v2\/media?parent=3"}],"curies":[{"name":"wp","href":"https:\/\/api.w.org\/{rel}","templated":true}]}}