{"id":27508,"date":"2024-05-22T12:20:53","date_gmt":"2024-05-22T12:20:53","guid":{"rendered":"https:\/\/frogoodies.com\/terms\/"},"modified":"2024-05-26T11:30:37","modified_gmt":"2024-05-26T11:30:37","slug":"terms","status":"publish","type":"page","link":"https:\/\/frogoodies.com\/de\/terms\/","title":{"rendered":"Terms &#038; Conditions"},"content":{"rendered":"<div data-elementor-type=\"wp-page\" data-elementor-id=\"27508\" class=\"elementor elementor-27508\" data-elementor-post-type=\"page\">\n\t\t\t\t<div class=\"wd-negative-gap elementor-element elementor-element-b2c0d7e e-flex e-con-boxed e-con e-parent\" data-id=\"b2c0d7e\" data-element_type=\"container\" data-e-type=\"container\">\n\t\t\t\t\t<div class=\"e-con-inner\">\n\t\t\t\t<div class=\"elementor-element elementor-element-ec87913 wd-width-100 elementor-widget elementor-widget-wd_title\" data-id=\"ec87913\" data-element_type=\"widget\" data-e-type=\"widget\" data-widget_type=\"wd_title.default\">\n\t\t\t\t<div class=\"elementor-widget-container\">\n\t\t\t\t\t\t\t<div class=\"title-wrapper wd-set-mb reset-last-child wd-title-color-default wd-title-style-default wd-title-size-default text-left\">\n\n\t\t\t\n\t\t\t<div class=\"liner-continer\">\n\t\t\t\t<h4 class=\"woodmart-title-container title wd-fontsize-l\">Gesch\u00e4ftsbedingungen<\/h4> \n\t\t\t\t\t\t\t<\/div>\n\n\t\t\t\t\t\t\t<div class=\"title-after_title reset-last-child wd-fontsize-xs\">\n\t\t\t\t\t<p>Willkommen bei www.frogoodies.com!<\/p><p>Diese Bedingungen und Konditionen umrei\u00dfen die Regeln und Vorschriften f\u00fcr die Nutzung der FroGoodies Website, die sich auf www.frogoodies.com befindet.<\/p><p>Mit dem Zugriff auf diese Website gehen wir davon aus, dass Sie diese Bedingungen akzeptieren. Nutzen Sie www.frogoodies.com nicht weiter, wenn Sie nicht mit allen auf dieser Seite genannten Bedingungen einverstanden sind.<\/p><p>Die folgende Terminologie gilt f\u00fcr diese Allgemeinen Gesch\u00e4ftsbedingungen, die Datenschutzerkl\u00e4rung und den Haftungsausschluss sowie alle Vereinbarungen: \"Kunde\", \"Sie\" und \"Ihr\" bezieht sich auf Sie, die Person, die sich auf dieser Website anmeldet und den Bedingungen des Unternehmens zustimmt. \"Das Unternehmen\", \"Wir\", \"Wir\", \"Unser\" und \"Uns\", bezieht sich auf unser Unternehmen. \"Partei\", \"Parteien\" oder \"uns\" bezieht sich sowohl auf den Kunden als auch auf uns. Alle Begriffe beziehen sich auf das Angebot, die Annahme und die Gegenleistung, die erforderlich sind, um den Prozess unserer Unterst\u00fctzung f\u00fcr den Kunden in der am besten geeigneten Art und Weise durchzuf\u00fchren, mit dem ausdr\u00fccklichen Ziel, die Bed\u00fcrfnisse des Kunden in Bezug auf die Bereitstellung der angegebenen Dienstleistungen des Unternehmens zu erf\u00fcllen, in \u00dcbereinstimmung mit und vorbehaltlich des geltenden niederl\u00e4ndischen Rechts. Jegliche Verwendung der obigen Terminologie oder anderer W\u00f6rter in der Einzahl, Mehrzahl, Gro\u00dfschreibung und\/oder er\/sie oder sie, werden als austauschbar angesehen und beziehen sich daher auf dasselbe.<\/p><h3><strong>Cookies<\/strong><\/h3><p>Wir verwenden Cookies. Indem Sie auf www.frogoodies.com zugreifen, stimmen Sie der Verwendung von Cookies in \u00dcbereinstimmung mit der Datenschutzrichtlinie von FroGoodies zu.<\/p><p>Die meisten interaktiven Websites verwenden Cookies, damit wir bei jedem Besuch die Daten des Nutzers abrufen k\u00f6nnen. Cookies werden von unserer Website verwendet, um die Funktionalit\u00e4t bestimmter Bereiche zu erm\u00f6glichen und den Besuchern unserer Website den Zugang zu erleichtern. Einige unserer Tochtergesellschaften\/Werbepartner k\u00f6nnen ebenfalls Cookies verwenden.<\/p><h3><strong>Lizenz<\/strong><\/h3><p>Sofern nicht anders angegeben, besitzen FroGoodies und\/oder seine Lizenzgeber die geistigen Eigentumsrechte f\u00fcr das gesamte Material auf www.frogoodies.com. Alle geistigen Eigentumsrechte sind vorbehalten. Sie k\u00f6nnen auf www.frogoodies.com f\u00fcr Ihren pers\u00f6nlichen Gebrauch zugreifen, vorbehaltlich der in diesen Bedingungen und Konditionen festgelegten Einschr\u00e4nkungen.<\/p><p>Das d\u00fcrfen Sie nicht:<\/p><ul><li>Wiederver\u00f6ffentlichung von Material von www.frogoodies.com<\/li><li>Verkauf, Vermietung oder Unterlizenzierung von Material von www.frogoodies.com<\/li><li>Reproduzieren, vervielf\u00e4ltigen oder kopieren Sie Material von www.frogoodies.com<\/li><li>Weiterverbreitung von Inhalten von www.frogoodies.com<\/li><\/ul><p>Dieser Vertrag beginnt mit dem Datum dieses Vertrages. Unsere Allgemeinen Gesch\u00e4ftsbedingungen wurden mit Hilfe der <a href=\"https:\/\/www.termsandconditionsgenerator.com\">Bedingungen und Konditionen Generator<\/a>.<\/p><p>Teile dieser Website bieten den Nutzern die M\u00f6glichkeit, in bestimmten Bereichen der Website Meinungen und Informationen zu posten und auszutauschen. FroGoodies filtert, bearbeitet, ver\u00f6ffentlicht oder pr\u00fcft die Kommentare nicht, bevor sie auf der Website erscheinen. Die Kommentare spiegeln nicht die Ansichten und Meinungen von FroGoodies, seinen Vertretern und\/oder Partnern wider. Kommentare spiegeln die Ansichten und Meinungen der Person wider, die ihre Ansichten und Meinungen gepostet hat. FroGoodies ist, soweit gesetzlich zul\u00e4ssig, nicht haftbar f\u00fcr die Kommentare oder f\u00fcr jegliche Haftung, Sch\u00e4den oder Ausgaben, die durch die Nutzung und\/oder Ver\u00f6ffentlichung und\/oder das Erscheinen der Kommentare auf dieser Webseite verursacht und\/oder erlitten werden.<\/p><p>FroGoodies beh\u00e4lt sich das Recht vor, alle Kommentare zu \u00fcberwachen und alle Kommentare zu entfernen, die als unangemessen oder beleidigend angesehen werden k\u00f6nnen oder die gegen die vorliegenden Bedingungen versto\u00dfen.<\/p><p>Sie garantieren und sichern zu, dass:<\/p><ul><li>Sie sind berechtigt, die Kommentare auf unserer Website zu ver\u00f6ffentlichen und verf\u00fcgen \u00fcber alle erforderlichen Lizenzen und Genehmigungen, um dies zu tun;<\/li><li>Die Kommentare verletzen keine Rechte an geistigem Eigentum, einschlie\u00dflich, aber nicht beschr\u00e4nkt auf Urheberrechte, Patente oder Marken Dritter;<\/li><li>Die Kommentare enthalten kein verleumderisches, beleidigendes, anst\u00f6\u00dfiges, unanst\u00e4ndiges oder anderweitig rechtswidriges Material, das eine Verletzung der Privatsph\u00e4re darstellt<\/li><li>Die Kommentare werden nicht verwendet, um f\u00fcr Gesch\u00e4fte oder Gewohnheiten zu werben oder kommerzielle Aktivit\u00e4ten oder ungesetzliche Aktivit\u00e4ten darzustellen.<\/li><\/ul><p>Sie gew\u00e4hren FroGoodies hiermit eine nicht-exklusive Lizenz zur Nutzung, Vervielf\u00e4ltigung, Bearbeitung und Autorisierung anderer zur Nutzung, Vervielf\u00e4ltigung und Bearbeitung aller Ihrer Kommentare in allen Formen, Formaten oder Medien.<\/p><h3><strong>Verlinkung zu unserem Inhalt<\/strong><\/h3><p>Die folgenden Organisationen d\u00fcrfen ohne vorherige schriftliche Genehmigung auf unsere Website verlinken:<\/p><ul><li>Staatliche Stellen;<\/li><li>Suchmaschinen;<\/li><li>Nachrichtenorganisationen;<\/li><li>Anbieter von Online-Verzeichnissen k\u00f6nnen auf unsere Website in der gleichen Weise verlinken, wie sie auf die Websites anderer gelisteter Unternehmen verlinken; und<\/li><li>Systemweit akkreditierte Unternehmen mit Ausnahme von gemeinn\u00fctzigen Organisationen, Wohlt\u00e4tigkeits-Einkaufszentren und Wohlt\u00e4tigkeits-Fundraising-Gruppen, die keine Hyperlinks zu unserer Website herstellen d\u00fcrfen.<\/li><\/ul><p>Diese Organisationen k\u00f6nnen einen Link zu unserer Homepage, zu Ver\u00f6ffentlichungen oder zu anderen Informationen auf der Website einrichten, solange der Link: (a) in keiner Weise irref\u00fchrend ist; (b) nicht f\u00e4lschlicherweise eine F\u00f6rderung, Bef\u00fcrwortung oder Genehmigung der verlinkenden Partei und ihrer Produkte und\/oder Dienstleistungen impliziert; und (c) in den Kontext der Website der verlinkenden Partei passt.<\/p><p>Wir k\u00f6nnen andere Linkanfragen von den folgenden Arten von Organisationen ber\u00fccksichtigen und genehmigen:<\/p><ul><li>allgemein bekannte Informationsquellen f\u00fcr Verbraucher und\/oder Unternehmen;<\/li><li>dot.com-Gemeinschaftsseiten;<\/li><li>Verb\u00e4nde oder andere Gruppen, die Wohlt\u00e4tigkeitsorganisationen vertreten;<\/li><li>Online-Verzeichnisse f\u00fcr H\u00e4ndler;<\/li><li>Internetportale;<\/li><li>Wirtschaftspr\u00fcfungs-, Anwalts- und Beratungsunternehmen und<\/li><li>Bildungseinrichtungen und Berufsverb\u00e4nde.<\/li><\/ul><p>Wir werden Linkanfragen von diesen Organisationen genehmigen, wenn wir entscheiden, dass: (a) der Link uns oder unsere akkreditierten Unternehmen nicht in ein schlechtes Licht r\u00fccken w\u00fcrde; (b) die Organisation keine negativen Eintr\u00e4ge bei uns hat; (c) der Nutzen, den wir aus der Sichtbarkeit des Hyperlinks ziehen, die Abwesenheit von FroGoodies ausgleicht; und (d) der Link im Zusammenhang mit allgemeinen Informationen steht.<\/p><p>Diese Organisationen d\u00fcrfen auf unsere Homepage verlinken, solange der Link: (a) in keiner Weise irref\u00fchrend ist; (b) nicht f\u00e4lschlicherweise eine F\u00f6rderung, Bef\u00fcrwortung oder Genehmigung der verlinkenden Partei und ihrer Produkte oder Dienstleistungen impliziert; und (c) in den Kontext der Website der verlinkenden Partei passt.<\/p><p>Wenn Sie eine der in Absatz 2 genannten Organisationen sind und an einer Verlinkung zu unserer Website interessiert sind, m\u00fcssen Sie uns dar\u00fcber informieren, indem Sie eine E-Mail an FroGoodies schicken. Bitte f\u00fcgen Sie Ihren Namen, den Namen Ihrer Organisation, Kontaktinformationen sowie die URL Ihrer Website, eine Liste aller URLs, von denen Sie beabsichtigen, auf unsere Website zu verlinken, und eine Liste der URLs auf unserer Website, auf die Sie verlinken m\u00f6chten, bei. Warten Sie 2-3 Wochen auf eine Antwort.<\/p><p>Zugelassene Organisationen k\u00f6nnen Hyperlinks zu unserer Website wie folgt setzen:<\/p><ul><li>durch Verwendung unseres Firmennamens; oder<\/li><li>durch Verwendung des Uniform Resource Locator, auf den verlinkt wird; oder<\/li><li>Durch die Verwendung einer anderen Beschreibung unserer Website, auf die verlinkt wird, die im Kontext und im Format des Inhalts der Website der verlinkenden Partei sinnvoll ist.<\/li><\/ul><p>Die Verwendung des Logos von FroGoodies oder anderer Grafiken ist ohne eine Markenlizenzvereinbarung nicht gestattet.<\/p><h3><strong>iFrames<\/strong><\/h3><p>Ohne vorherige Genehmigung und schriftliche Zustimmung d\u00fcrfen Sie keine Frames um unsere Webseiten herum erstellen, die die visuelle Pr\u00e4sentation oder das Aussehen unserer Website in irgendeiner Weise ver\u00e4ndern.<\/p><h3><strong>Inhaltliche Haftung<\/strong><\/h3><p>Wir sind nicht f\u00fcr Inhalte verantwortlich, die auf Ihrer Website erscheinen. Sie verpflichten sich, uns gegen alle Anspr\u00fcche zu sch\u00fctzen und zu verteidigen, die auf Ihrer Website erhoben werden. Es d\u00fcrfen keine Links auf einer Website erscheinen, die als verleumderisch, obsz\u00f6n oder kriminell ausgelegt werden k\u00f6nnen oder die Rechte Dritter verletzen oder anderweitig gegen sie versto\u00dfen oder die Verletzung oder anderweitige Verletzung von Rechten Dritter bef\u00fcrworten.<\/p><h3><strong>Ihr Datenschutz<\/strong><\/h3><p>Bitte lesen Sie die Datenschutzbestimmungen<\/p><h3><strong>Vorbehalt der Rechte<\/strong><\/h3><p>Wir behalten uns das Recht vor, Sie aufzufordern, alle Links oder einen bestimmten Link zu unserer Website zu entfernen. Sie verpflichten sich, alle Links zu unserer Website auf Verlangen unverz\u00fcglich zu entfernen. Wir behalten uns auch das Recht vor, diese Bedingungen und die Linkpolitik jederzeit zu \u00e4ndern. Durch die kontinuierliche Verkn\u00fcpfung mit unserer Website erkl\u00e4ren Sie sich damit einverstanden, an diese Verkn\u00fcpfungsbedingungen gebunden zu sein und diese zu befolgen.<\/p><h3><strong>Entfernung von Links von unserer Website<\/strong><\/h3><p>Wenn Sie einen Link auf unserer Website finden, der aus irgendeinem Grund anst\u00f6\u00dfig ist, k\u00f6nnen Sie uns jederzeit kontaktieren und informieren. Wir werden Anfragen zur Entfernung von Links pr\u00fcfen, sind aber nicht verpflichtet, dies zu tun oder Ihnen direkt zu antworten.<\/p><p>Wir \u00fcbernehmen keine Gew\u00e4hr f\u00fcr die Richtigkeit, Vollst\u00e4ndigkeit und Genauigkeit der Informationen auf dieser Website und versprechen auch nicht, dass die Website verf\u00fcgbar bleibt oder dass das Material auf der Website auf dem neuesten Stand gehalten wird.<\/p><h3><strong>Haftungsausschluss<\/strong><\/h3><p>Soweit dies nach geltendem Recht zul\u00e4ssig ist, schlie\u00dfen wir alle Zusicherungen, Gew\u00e4hrleistungen und Bedingungen in Bezug auf unsere Website und die Nutzung dieser Website aus. Nichts in diesem Haftungsausschluss wird:<\/p><ul><li>unsere oder Ihre Haftung f\u00fcr Tod oder K\u00f6rperverletzung zu begrenzen oder auszuschlie\u00dfen;<\/li><li>unsere oder Ihre Haftung f\u00fcr Betrug oder arglistige T\u00e4uschung zu begrenzen oder auszuschlie\u00dfen;<\/li><li>unsere oder Ihre Haftung in einer Weise zu beschr\u00e4nken, die nach geltendem Recht nicht zul\u00e4ssig ist; oder<\/li><li>unsere oder Ihre Haftung auszuschlie\u00dfen, die nach geltendem Recht nicht ausgeschlossen werden kann.<\/li><\/ul><p>Die in diesem Abschnitt und an anderen Stellen dieses Haftungsausschlusses festgelegten Haftungsbeschr\u00e4nkungen und -verbote: (a) unterliegen dem vorstehenden Absatz; und (b) regeln alle Haftungen, die sich aus dem Haftungsausschluss ergeben, einschlie\u00dflich der Haftungen, die sich aus Vertr\u00e4gen, unerlaubten Handlungen und aus der Verletzung gesetzlicher Pflichten ergeben.<\/p><p>Solange die Website sowie die Informationen und Dienstleistungen auf der Website kostenlos zur Verf\u00fcgung gestellt werden, haften wir nicht f\u00fcr Verluste oder Sch\u00e4den jeglicher Art.<\/p>\t\t\t\t<\/div>\n\t\t\t\t\t<\/div>\n\t\t\t\t\t\t<\/div>\n\t\t\t\t<\/div>\n\t\t\t\t\t<\/div>\n\t\t\t\t<\/div>\n\t\t\t\t<\/div>","protected":false},"excerpt":{"rendered":"<p>Terms and Conditions Welcome to www.frogoodies.com! These terms and conditions outline the rules and regulations for the use of FroGoodies\u2019s<\/p>","protected":false},"author":4,"featured_media":0,"parent":0,"menu_order":0,"comment_status":"closed","ping_status":"closed","template":"elementor_header_footer","meta":{"_acf_changed":false,"footnotes":""},"class_list":["post-27508","page","type-page","status-publish","hentry"],"acf":[],"jetpack_sharing_enabled":true,"_links":{"self":[{"href":"https:\/\/frogoodies.com\/de\/wp-json\/wp\/v2\/pages\/27508","targetHints":{"allow":["GET"]}}],"collection":[{"href":"https:\/\/frogoodies.com\/de\/wp-json\/wp\/v2\/pages"}],"about":[{"href":"https:\/\/frogoodies.com\/de\/wp-json\/wp\/v2\/types\/page"}],"author":[{"embeddable":true,"href":"https:\/\/frogoodies.com\/de\/wp-json\/wp\/v2\/users\/4"}],"replies":[{"embeddable":true,"href":"https:\/\/frogoodies.com\/de\/wp-json\/wp\/v2\/comments?post=27508"}],"version-history":[{"count":3,"href":"https:\/\/frogoodies.com\/de\/wp-json\/wp\/v2\/pages\/27508\/revisions"}],"predecessor-version":[{"id":27694,"href":"https:\/\/frogoodies.com\/de\/wp-json\/wp\/v2\/pages\/27508\/revisions\/27694"}],"wp:attachment":[{"href":"https:\/\/frogoodies.com\/de\/wp-json\/wp\/v2\/media?parent=27508"}],"curies":[{"name":"wp","href":"https:\/\/api.w.org\/{rel}","templated":true}]}}